{"id":903,"date":"2015-06-28T18:30:55","date_gmt":"2015-06-28T16:30:55","guid":{"rendered":"http:\/\/www.marenostrum-film.ch\/?page_id=903&#038;lang=fr"},"modified":"2020-08-18T20:25:34","modified_gmt":"2020-08-18T18:25:34","slug":"film","status":"publish","type":"page","link":"https:\/\/www.marenostrum-film.ch\/fr\/film\/","title":{"rendered":"Film"},"content":{"rendered":"<p>&nbsp;<\/p>\n<p><em>MARE NOSTRUM<\/em>\u00a0est un dialogue interculturel sous forme de film documentaire artistique. Des \u00e9l\u00e8ves de la Scuola Vivante pr\u00e9parent un concert avec Jordi Savall et ses 18\u00a0musiciens originaires de onze nations diff\u00e9rentes en leur posant les questions qui leur tiennent \u00e0 c\u0153ur au cours de rencontres en face-\u00e0-face. Les musiciens leur parlent de leur vie et de leur pays et aussi de l\u2019amour qu\u2019ils portent \u00e0 la musique et \u00e0 leur instrument. Leur travail musical commun cr\u00e9e des liens.<\/p>\n<p>Un mois apr\u00e8s le concert, un voyage de formation m\u00e8nera les jeunes dans le Haut Atlas marocain pour rejoindre l\u2019\u00e9cole vivante, leur \u00e9cole partenaire. Les jeunes de la Scuola Vivante et leurs accompagnateurs partent, laissent derri\u00e8re eux leur univers familier, s\u2019aventurent en territoire inconnu et se laissent toucher par une partie de ce monde qui trouve son expression musicale dans le concert. Des jours durant, les jeunes prennent des photos au cours de leur voyage en voiture \u00e0 travers la Suisse, la France, l\u2019Espagne et le Maroc.<\/p>\n<p>Telle une main protectrice, la musique de Jordi Savall accompagne les voyageurs. La musique varie parall\u00e8lement aux photos de paysages d\u00e9filant \u00e0 l\u2019\u00e9cran, comme si elle parvenait \u00e0 atteindre toute sa dimension au cours de ce voyage.<\/p>\n<p>Dans le film <em>MARE NOSTRUM,<\/em> les r\u00e9alisateurs Michelle Brun et Stefan Haupt m\u00ealent de mani\u00e8re ludique, dr\u00f4le et touchante musique m\u00e9diterran\u00e9enne, conversations entre musiciens et univers des jeunes voyageurs, dont on peut entendre les pens\u00e9es sous forme de voix off. Il en r\u00e9sulte une \u0153uvre globale ax\u00e9e sur le dialogue entre trois g\u00e9n\u00e9rations des trois grandes religions monoth\u00e9istes issues de onze nations du pourtour de la M\u00e9diterran\u00e9e, toutes soucieuses de trouver la paix ext\u00e9rieure et int\u00e9rieure.<\/p>\n<p>Ann\u00e9e de production: 2015 \/ Longueur totale: 57\u00a0min<\/p>\n<p><a href=\"http:\/\/www.marenostrum-film.ch\/wp-content\/uploads\/2016\/02\/Mare-Nostrum-Press-Booklet.pdf\" target=\"_blank\" rel=\"noopener\">Mare Nostrum Press Booklet<\/a><\/p>\n<p>&nbsp;<\/p>\n","protected":false},"excerpt":{"rendered":"<p>&nbsp; MARE NOSTRUM\u00a0est un dialogue interculturel sous forme de film documentaire artistique. Des \u00e9l\u00e8ves de la Scuola Vivante pr\u00e9parent un concert avec Jordi Savall et ses 18\u00a0musiciens originaires de onze nations diff\u00e9rentes en leur posant les questions qui leur tiennent \u00e0 c\u0153ur au cours de rencontres en face-\u00e0-face. Les musiciens leur parlent de leur vie [&hellip;]<\/p>\n","protected":false},"author":2,"featured_media":0,"parent":0,"menu_order":300,"comment_status":"open","ping_status":"open","template":"","meta":{"_acf_changed":false,"footnotes":""},"class_list":["post-903","page","type-page","status-publish","hentry"],"acf":[],"_links":{"self":[{"href":"https:\/\/www.marenostrum-film.ch\/fr\/wp-json\/wp\/v2\/pages\/903","targetHints":{"allow":["GET"]}}],"collection":[{"href":"https:\/\/www.marenostrum-film.ch\/fr\/wp-json\/wp\/v2\/pages"}],"about":[{"href":"https:\/\/www.marenostrum-film.ch\/fr\/wp-json\/wp\/v2\/types\/page"}],"author":[{"embeddable":true,"href":"https:\/\/www.marenostrum-film.ch\/fr\/wp-json\/wp\/v2\/users\/2"}],"replies":[{"embeddable":true,"href":"https:\/\/www.marenostrum-film.ch\/fr\/wp-json\/wp\/v2\/comments?post=903"}],"version-history":[{"count":6,"href":"https:\/\/www.marenostrum-film.ch\/fr\/wp-json\/wp\/v2\/pages\/903\/revisions"}],"predecessor-version":[{"id":1900,"href":"https:\/\/www.marenostrum-film.ch\/fr\/wp-json\/wp\/v2\/pages\/903\/revisions\/1900"}],"wp:attachment":[{"href":"https:\/\/www.marenostrum-film.ch\/fr\/wp-json\/wp\/v2\/media?parent=903"}],"curies":[{"name":"wp","href":"https:\/\/api.w.org\/{rel}","templated":true}]}}