{"id":899,"date":"2015-06-28T18:30:15","date_gmt":"2015-06-28T16:30:15","guid":{"rendered":"http:\/\/www.marenostrum-film.ch\/?page_id=899&#038;lang=fr"},"modified":"2015-07-11T16:46:54","modified_gmt":"2015-07-11T14:46:54","slug":"team","status":"publish","type":"page","link":"https:\/\/www.marenostrum-film.ch\/fr\/team\/","title":{"rendered":"\u00c9quipe"},"content":{"rendered":"<p>&nbsp;<\/p>\n<p>&nbsp;<\/p>\n<p>Le film<a href=\"https:\/\/www.marenostrum-film.ch\/fr\/mare-nostrum\/\"> <em>MARE NOSTRUM<\/em> <\/a>est le fruit de l\u2019action conjugu\u00e9e de diff\u00e9rentes \u00e9quipes formant un ensemble \u00e9vocateur.<\/p>\n<p>R\u00e9alisation\u00a0\u00a0 <a href=\"https:\/\/www.marenostrum-film.ch\/fr\/regie\/\">Michelle Brun et Stefan Haupt<\/a><\/p>\n<p>Protagonistes\u00a0 <a href=\"https:\/\/www.marenostrum-film.ch\/fr\/protagonisten\/\">Jordi Savall, Aikaterini Papadopoulou, Ha\u00efg Sarikouyoumdjian, Yair Dalal, etc.<\/a><\/p>\n<p>\u00c9quipe de tournage \u00a0 <a href=\"https:\/\/www.marenostrum-film.ch\/fr\/filmcrew\/\">Carlotta Holy-Steinemann, Tobias Dengler, Georges Gachot, Marco Teufen<\/a><\/p>\n<p>Postproduction\u00a0\u00a0 <a href=\"https:\/\/www.marenostrum-film.ch\/fr\/postproduktion\/\">Guido Keller, Roger Sommer, Rosa Albrecht, Peter B\u00e4der, Diction AG<\/a><\/p>\n<p>Concert\u00a0\u00a0 <a href=\"https:\/\/www.marenostrum-film.ch\/fr\/musikensemble\/\">Jordi Savall, Hesp\u00e8rion XXI und La Capella Reial de Catalunya<\/a><\/p>\n<p>Vivante Productions \u00a0 <a href=\"https:\/\/www.marenostrum-film.ch\/fr\/produzenten\/\">Veronika M\u00fcller M\u00e4der et J\u00fcrg M\u00e4der<\/a><\/p>\n<p>Soutiens\u00a0\u00a0 <a href=\"https:\/\/www.marenostrum-film.ch\/fr\/unterstuetzung\/\">Fondations, soci\u00e9t\u00e9s et m\u00e9c\u00e8nes<\/a><\/p>\n<p>Coulisses\u00a0\u00a0<a href=\"https:\/\/www.marenostrum-film.ch\/fr\/backstage\/\">\u00a0 Concert<\/a> et <a href=\"https:\/\/www.marenostrum-film.ch\/fr\/reisegruppe\/\">Groupe de voyageurs<\/a><\/p>\n<p>\u00c9coles\u00a0 <a href=\"https:\/\/www.marenostrum-film.ch\/fr\/scuola-vivante\/\">Scuola Vivante<\/a> et <a href=\"https:\/\/www.marenostrum-film.ch\/fr\/ecole-vivante\/\">\u00e9cole vivante<\/a><\/p>\n<p>\u00abAu cours du voyage \u00e0 travers le temps et l\u2019espace qui nous est propos\u00e9, nous nous demandons \u00e0 chaque instant si les conflits avec lesquels nous vivons au quotidien ne sont pas finalement des illusions, et si la v\u00e9rit\u00e9 des hommes et des cultures ne se trouve pas plut\u00f4t ici: dans le dialogue des instruments, des voix, des accords, des cadences, des gestes, des improvisations et des respirations.\u00bb <em>Amin Maalouf, \u00e9crivain fran\u00e7ais d\u2019origine libanaise<\/em> <em>Extrait du livret qui accompagne le CD <\/em>Mare Nostrum<\/p>\n<p>&nbsp;<\/p>\n<p>&nbsp;<\/p>\n<p><em><br \/>\n<\/em><\/p>\n<p>&nbsp;<\/p>\n","protected":false},"excerpt":{"rendered":"<p>&nbsp; &nbsp; Le film MARE NOSTRUM est le fruit de l\u2019action conjugu\u00e9e de diff\u00e9rentes \u00e9quipes formant un ensemble \u00e9vocateur. R\u00e9alisation\u00a0\u00a0 Michelle Brun et Stefan Haupt Protagonistes\u00a0 Jordi Savall, Aikaterini Papadopoulou, Ha\u00efg Sarikouyoumdjian, Yair Dalal, etc. \u00c9quipe de tournage \u00a0 Carlotta Holy-Steinemann, Tobias Dengler, Georges Gachot, Marco Teufen Postproduction\u00a0\u00a0 Guido Keller, Roger Sommer, Rosa Albrecht, Peter [&hellip;]<\/p>\n","protected":false},"author":2,"featured_media":0,"parent":0,"menu_order":200,"comment_status":"open","ping_status":"open","template":"","meta":{"_acf_changed":false,"footnotes":""},"class_list":["post-899","page","type-page","status-publish","hentry"],"acf":[],"_links":{"self":[{"href":"https:\/\/www.marenostrum-film.ch\/fr\/wp-json\/wp\/v2\/pages\/899","targetHints":{"allow":["GET"]}}],"collection":[{"href":"https:\/\/www.marenostrum-film.ch\/fr\/wp-json\/wp\/v2\/pages"}],"about":[{"href":"https:\/\/www.marenostrum-film.ch\/fr\/wp-json\/wp\/v2\/types\/page"}],"author":[{"embeddable":true,"href":"https:\/\/www.marenostrum-film.ch\/fr\/wp-json\/wp\/v2\/users\/2"}],"replies":[{"embeddable":true,"href":"https:\/\/www.marenostrum-film.ch\/fr\/wp-json\/wp\/v2\/comments?post=899"}],"version-history":[{"count":6,"href":"https:\/\/www.marenostrum-film.ch\/fr\/wp-json\/wp\/v2\/pages\/899\/revisions"}],"predecessor-version":[{"id":1232,"href":"https:\/\/www.marenostrum-film.ch\/fr\/wp-json\/wp\/v2\/pages\/899\/revisions\/1232"}],"wp:attachment":[{"href":"https:\/\/www.marenostrum-film.ch\/fr\/wp-json\/wp\/v2\/media?parent=899"}],"curies":[{"name":"wp","href":"https:\/\/api.w.org\/{rel}","templated":true}]}}