{"id":897,"date":"2015-06-28T18:29:57","date_gmt":"2015-06-28T16:29:57","guid":{"rendered":"http:\/\/www.marenostrum-film.ch\/?page_id=897&#038;lang=fr"},"modified":"2025-10-03T14:12:13","modified_gmt":"2025-10-03T12:12:13","slug":"yurdal-tokcan-tuerkei","status":"publish","type":"page","link":"https:\/\/www.marenostrum-film.ch\/fr\/yurdal-tokcan-tuerkei\/","title":{"rendered":"Yurdal Tokcan, Turquie"},"content":{"rendered":"\n<p>&nbsp;<\/p>\n\n\n\n<p>N\u00e9 en 1966, Yurdal Tokcan grandit \u00e0 Istanbul. Il \u00e9tudie au Conservatoire national de musique turque d\u2019Istanbul, o\u00f9 il enseignera l\u2019oud par la suite. Depuis 2003, il organise des s\u00e9minaires auxquels prennent part des \u00e9tudiants venus des quatre coins de la plan\u00e8te. R\u00e9put\u00e9 l\u2019un des meilleurs joueurs d\u2019oud au monde, Yurdal Tokcan allie des techniques de jeu anciennes et de nombreuses innovations de son invention. En groupe ou en solo, notamment lors de projets avec Jordi Savall, il a donn\u00e9 de tr\u00e8s nombreux concerts durant des festivals importants en Turquie et \u00e0 l\u2019\u00e9tranger.<\/p>\n\n\n\n<figure class=\"wp-block-image size-large is-resized\"><img loading=\"lazy\" decoding=\"async\" width=\"1024\" height=\"576\" src=\"https:\/\/www.marenostrum-film.ch\/wp-content\/uploads\/2015\/06\/150611_mare_nostrum_cc4_title640-1024x576.jpg\" alt=\"\" class=\"wp-image-2203\" style=\"width:635px;height:auto\" srcset=\"https:\/\/www.marenostrum-film.ch\/wp-content\/uploads\/2015\/06\/150611_mare_nostrum_cc4_title640-1024x576.jpg 1024w, https:\/\/www.marenostrum-film.ch\/wp-content\/uploads\/2015\/06\/150611_mare_nostrum_cc4_title640-300x169.jpg 300w, https:\/\/www.marenostrum-film.ch\/wp-content\/uploads\/2015\/06\/150611_mare_nostrum_cc4_title640.jpg 1920w\" sizes=\"auto, (max-width: 1024px) 100vw, 1024px\" \/><\/figure>\n\n\n\n<p>On peut admirer ses talents d\u2019arrangeur et d\u2019interpr\u00e8te dans certains films (par exemple dans <em>La Passion du Christ<\/em> et<em> Le Royaume des cieux<\/em>).<\/p>\n\n\n\n<p>Oud ou&nbsp;ud<br>On trouve, au cours des premiers si\u00e8cles apr\u00e8s J.-C., des reproductions du \u00abud\u00bb \u00e0 cinq cordes (al\u00adoud = bois), le luth des peuples islamiques qui a donn\u00e9 son nom au luth europ\u00e9en (all.: \u00abLaute\u00bb, angl.: \u00ablute\u00bb, fr.: \u00abluth\u00bb, it.: \u00abliuto\u00bb et esp.: \u00abla\u00fad\u00bb). <\/p>\n\n\n\n<figure class=\"wp-block-embed is-type-video is-provider-youtube wp-block-embed-youtube wp-embed-aspect-16-9 wp-has-aspect-ratio\"><div class=\"wp-block-embed__wrapper\">\n<iframe loading=\"lazy\" title=\"\u00dcsk\u00fcdar -  Eintauchen in die Welt der t\u00fcrkischen Musik\" width=\"500\" height=\"281\" src=\"https:\/\/www.youtube.com\/embed\/yo_EzOnfmSQ?feature=oembed\" frameborder=\"0\" allow=\"accelerometer; autoplay; clipboard-write; encrypted-media; gyroscope; picture-in-picture; web-share\" referrerpolicy=\"strict-origin-when-cross-origin\" allowfullscreen><\/iframe>\n<\/div><\/figure>\n\n\n\n<p>L\u2019oud arrive en Espagne et en Sicile avec les Maures et les Sarrasins durant la premi\u00e8re moiti\u00e9 du VIII<sup>e<\/sup> si\u00e8cle et se r\u00e9pand dans l\u2019ensemble de l\u2019Europe au cours des si\u00e8cles suivants. L\u2019oud a une caisse de r\u00e9sonance piriforme et un manche presque perpendiculaire au sillet. Pour en jouer, on utilise un plectre.<\/p>\n\n\n\n<figure class=\"wp-block-embed is-type-video is-provider-youtube wp-block-embed-youtube wp-embed-aspect-16-9 wp-has-aspect-ratio\"><div class=\"wp-block-embed__wrapper\">\n<iframe loading=\"lazy\" title=\"Der mak\u00e3m \u0131 Uzz\u00e4l Sak\u00eel \u00abTurna\u00bb Sem\u00e2\u2019\u00ee (Jordi Savall, Mare Nostrum)\" width=\"500\" height=\"281\" src=\"https:\/\/www.youtube.com\/embed\/mYSwK-dtOFs?feature=oembed\" frameborder=\"0\" allow=\"accelerometer; autoplay; clipboard-write; encrypted-media; gyroscope; picture-in-picture; web-share\" referrerpolicy=\"strict-origin-when-cross-origin\" allowfullscreen><\/iframe>\n<\/div><\/figure>\n\n\n\n<p>&nbsp;<\/p>\n","protected":false},"excerpt":{"rendered":"<p>&nbsp; N\u00e9 en 1966, Yurdal Tokcan grandit \u00e0 Istanbul. Il \u00e9tudie au Conservatoire national de musique turque d\u2019Istanbul, o\u00f9 il enseignera l\u2019oud par la suite. Depuis 2003, il organise des s\u00e9minaires auxquels prennent part des \u00e9tudiants venus des quatre coins de la plan\u00e8te. R\u00e9put\u00e9 l\u2019un des meilleurs joueurs d\u2019oud au monde, Yurdal Tokcan allie des [&hellip;]<\/p>\n","protected":false},"author":2,"featured_media":0,"parent":0,"menu_order":0,"comment_status":"open","ping_status":"open","template":"","meta":{"_acf_changed":false,"footnotes":""},"class_list":["post-897","page","type-page","status-publish","hentry"],"acf":[],"_links":{"self":[{"href":"https:\/\/www.marenostrum-film.ch\/fr\/wp-json\/wp\/v2\/pages\/897","targetHints":{"allow":["GET"]}}],"collection":[{"href":"https:\/\/www.marenostrum-film.ch\/fr\/wp-json\/wp\/v2\/pages"}],"about":[{"href":"https:\/\/www.marenostrum-film.ch\/fr\/wp-json\/wp\/v2\/types\/page"}],"author":[{"embeddable":true,"href":"https:\/\/www.marenostrum-film.ch\/fr\/wp-json\/wp\/v2\/users\/2"}],"replies":[{"embeddable":true,"href":"https:\/\/www.marenostrum-film.ch\/fr\/wp-json\/wp\/v2\/comments?post=897"}],"version-history":[{"count":9,"href":"https:\/\/www.marenostrum-film.ch\/fr\/wp-json\/wp\/v2\/pages\/897\/revisions"}],"predecessor-version":[{"id":2708,"href":"https:\/\/www.marenostrum-film.ch\/fr\/wp-json\/wp\/v2\/pages\/897\/revisions\/2708"}],"wp:attachment":[{"href":"https:\/\/www.marenostrum-film.ch\/fr\/wp-json\/wp\/v2\/media?parent=897"}],"curies":[{"name":"wp","href":"https:\/\/api.w.org\/{rel}","templated":true}]}}