{"id":895,"date":"2015-06-28T18:29:32","date_gmt":"2015-06-28T16:29:32","guid":{"rendered":"http:\/\/www.marenostrum-film.ch\/?page_id=895&#038;lang=fr"},"modified":"2025-10-03T14:06:58","modified_gmt":"2025-10-03T12:06:58","slug":"yair-dalal-israel","status":"publish","type":"page","link":"https:\/\/www.marenostrum-film.ch\/fr\/yair-dalal-israel\/","title":{"rendered":"Yair Dalal, Isra\u00ebl"},"content":{"rendered":"\n<p>&nbsp;<\/p>\n\n\n\n<p>Yair Dalal est n\u00e9 en 1955. Compositeur-interpr\u00e8te, il joue aussi bien de l\u2019oud que du violon. Ses travaux refl\u00e8tent son talent musical et son engagement en faveur de la paix. Ses racines juives et \u00adirakiennes traversent ses \u0153uvres de part en part. Il a remport\u00e9 plusieurs prix r\u00e9compensant sa contribution \u00e0 la musique isra\u00e9lienne, notamment une nomination en tant que meilleur musicien du Moyen-Orient au BBC&nbsp;World Music Award.<\/p>\n\n\n\n<figure class=\"wp-block-image\"><a href=\"http:\/\/www.marenostrum-film.ch\/wp-content\/uploads\/2015\/06\/150611_mare_nostrum_cc4_title550-e1435152717798.jpg\"><img loading=\"lazy\" decoding=\"async\" width=\"1024\" height=\"576\" src=\"http:\/\/www.marenostrum-film.ch\/wp-content\/uploads\/2015\/06\/150611_mare_nostrum_cc4_title550-e1435152717798-1024x576.jpg\" alt=\"150611_mare_nostrum_cc4_title550\" class=\"wp-image-642\" srcset=\"https:\/\/www.marenostrum-film.ch\/wp-content\/uploads\/2015\/06\/150611_mare_nostrum_cc4_title550-e1435152717798-1024x576.jpg 1024w, https:\/\/www.marenostrum-film.ch\/wp-content\/uploads\/2015\/06\/150611_mare_nostrum_cc4_title550-e1435152717798-300x169.jpg 300w, https:\/\/www.marenostrum-film.ch\/wp-content\/uploads\/2015\/06\/150611_mare_nostrum_cc4_title550-e1435152717798.jpg 1920w\" sizes=\"auto, (max-width: 1024px) 100vw, 1024px\" \/><\/a><\/figure>\n\n\n\n<p>\u00abL\u2019oud est l\u2019instrument de musique le plus beau et le plus important du Moyen-Orient. C\u2019est l\u2019instrument que les Juifs et les Arabes partagent et aiment le plus. Avec l\u2019oud, comme dans le d\u00e9sert, le temps a une r\u00e9sonance personnelle unique, infinie, une sorte de taqs\u00eem. La paix aussi prend son temps.\u00bb<\/p>\n\n\n\n<figure class=\"wp-block-embed is-type-video is-provider-youtube wp-block-embed-youtube wp-embed-aspect-16-9 wp-has-aspect-ratio\"><div class=\"wp-block-embed__wrapper\">\n<iframe loading=\"lazy\" title=\"ija mia (Jordi Savall, Lior Elmaleh, Hesp\u00e8rion XXI - Mare Nostrum)\" width=\"500\" height=\"281\" src=\"https:\/\/www.youtube.com\/embed\/cyCnTw54CWI?feature=oembed\" frameborder=\"0\" allow=\"accelerometer; autoplay; clipboard-write; encrypted-media; gyroscope; picture-in-picture; web-share\" referrerpolicy=\"strict-origin-when-cross-origin\" allowfullscreen><\/iframe>\n<\/div><\/figure>\n\n\n\n<p>Oud ou\u00a0ud<br>On trouve, au cours des premiers si\u00e8cles apr\u00e8s J.-C., des reproductions du \u00abud\u00bb \u00e0 cinq cordes (al\u00adoud = bois), le luth des peuples islamiques qui a donn\u00e9 son nom au luth europ\u00e9en (all.: \u00abLaute\u00bb, angl.: \u00ablute\u00bb, fr.: \u00abluth\u00bb, it.: \u00abliuto\u00bb et esp.: \u00abla\u00fad\u00bb). L\u2019oud arrive en Espagne et en Sicile avec les Maures et les Sarrasins durant la premi\u00e8re moiti\u00e9 du VIIIe si\u00e8cle et se r\u00e9pand dans l\u2019ensemble de l\u2019Europe au cours des si\u00e8cles suivants. L\u2019oud a une caisse de r\u00e9sonance piriforme et un manche presque perpendiculaire au sillet. Pour en jouer, on utilise un plectre.<\/p>\n\n\n\n<figure class=\"wp-block-embed is-type-video is-provider-youtube wp-block-embed-youtube wp-embed-aspect-16-9 wp-has-aspect-ratio\"><div class=\"wp-block-embed__wrapper\">\n<iframe loading=\"lazy\" title=\"Yair Dalal - only for music and peace\" width=\"500\" height=\"281\" src=\"https:\/\/www.youtube.com\/embed\/QVZwW9g4EbQ?feature=oembed\" frameborder=\"0\" allow=\"accelerometer; autoplay; clipboard-write; encrypted-media; gyroscope; picture-in-picture; web-share\" referrerpolicy=\"strict-origin-when-cross-origin\" allowfullscreen><\/iframe>\n<\/div><\/figure>\n\n\n\n<p>\u00a0<\/p>\n","protected":false},"excerpt":{"rendered":"<p>&nbsp; Yair Dalal est n\u00e9 en 1955. Compositeur-interpr\u00e8te, il joue aussi bien de l\u2019oud que du violon. Ses travaux refl\u00e8tent son talent musical et son engagement en faveur de la paix. Ses racines juives et \u00adirakiennes traversent ses \u0153uvres de part en part. Il a remport\u00e9 plusieurs prix r\u00e9compensant sa contribution \u00e0 la musique isra\u00e9lienne, [&hellip;]<\/p>\n","protected":false},"author":2,"featured_media":0,"parent":0,"menu_order":0,"comment_status":"open","ping_status":"open","template":"","meta":{"_acf_changed":false,"footnotes":""},"class_list":["post-895","page","type-page","status-publish","hentry"],"acf":[],"_links":{"self":[{"href":"https:\/\/www.marenostrum-film.ch\/fr\/wp-json\/wp\/v2\/pages\/895","targetHints":{"allow":["GET"]}}],"collection":[{"href":"https:\/\/www.marenostrum-film.ch\/fr\/wp-json\/wp\/v2\/pages"}],"about":[{"href":"https:\/\/www.marenostrum-film.ch\/fr\/wp-json\/wp\/v2\/types\/page"}],"author":[{"embeddable":true,"href":"https:\/\/www.marenostrum-film.ch\/fr\/wp-json\/wp\/v2\/users\/2"}],"replies":[{"embeddable":true,"href":"https:\/\/www.marenostrum-film.ch\/fr\/wp-json\/wp\/v2\/comments?post=895"}],"version-history":[{"count":8,"href":"https:\/\/www.marenostrum-film.ch\/fr\/wp-json\/wp\/v2\/pages\/895\/revisions"}],"predecessor-version":[{"id":2703,"href":"https:\/\/www.marenostrum-film.ch\/fr\/wp-json\/wp\/v2\/pages\/895\/revisions\/2703"}],"wp:attachment":[{"href":"https:\/\/www.marenostrum-film.ch\/fr\/wp-json\/wp\/v2\/media?parent=895"}],"curies":[{"name":"wp","href":"https:\/\/api.w.org\/{rel}","templated":true}]}}