{"id":891,"date":"2015-06-28T18:27:27","date_gmt":"2015-06-28T16:27:27","guid":{"rendered":"http:\/\/www.marenostrum-film.ch\/?page_id=891&#038;lang=fr"},"modified":"2020-08-18T20:25:03","modified_gmt":"2020-08-18T18:25:03","slug":"scuola-vivante","status":"publish","type":"page","link":"https:\/\/www.marenostrum-film.ch\/fr\/scuola-vivante\/","title":{"rendered":"Scuola Vivante"},"content":{"rendered":"<p>&nbsp;<\/p>\n<p>&nbsp;<\/p>\n<p>&nbsp;<\/p>\n<p>La Scuola Vivante est une initiative \u00e9ducative tourn\u00e9e vers l\u2019avenir \u00e0 Buchs\u00a0SG. Elle comprend une \u00e9cole, un atelier de bricolage et une offre de cours destin\u00e9s aux enfants, aux adolescents et aux adultes. Sa partenaire au Maroc, l\u2019\u00e9cole vivante, assure depuis 2010 un enseignement fond\u00e9 sur les pr\u00e9ceptes de la Scuola Vivante.<\/p>\n<p>La <a href=\"http:\/\/archiv.trailblazing.ch\/\" target=\"_blank\" rel=\"noopener\">Scuola Vivante<\/a> aide les individus \u00e0 \u00abdevenir ce qu\u2019ils sont au fond d\u2019eux-m\u00eames\u00bb. Elle offre aux enfants et aux adolescents l\u2019espace pour d\u00e9couvrir leurs talents, former leurs aptitudes, tester leurs comp\u00e9tences et cr\u00e9er ainsi leur vie et le monde en tant que personnalit\u00e9s courageuses et r\u00e9fl\u00e9chies. L\u2019apprentissage en dehors des locaux de l\u2019\u00e9cole fait partie int\u00e9grante du curriculum. Des voyages \u00e9ducatifs r\u00e9guliers emm\u00e8nent \u00e9galement les \u00e9l\u00e8ves au-del\u00e0 des fronti\u00e8res nationales, dans de nouvelles r\u00e9gions linguistiques et culturelles.<\/p>\n<p>L\u2019un des objectifs majeurs de l\u2019\u00e9cole consiste en son engagement en faveur de la multiplicit\u00e9 des formes de vie, pour un monde juste, pour le dialogue interculturel et pour le respect de la nature. Depuis avril 2010, la Scuola Vivante fait partie du R\u00e9seau international des \u00e9coles associ\u00e9es de l\u2019UNESCO. En 2013, elle a re\u00e7u le prix sp\u00e9cial \u00ab\u00c9cole de niche\u00bb d\u00e9cern\u00e9 par le Prix suisse des \u00e9coles.<\/p>\n<p>&nbsp;<\/p>\n<p><a href=\"http:\/\/www.marenostrum-film.ch\/wp-content\/uploads\/2015\/06\/150611_mare_nostrum_cc4_title940.jpg\"><img loading=\"lazy\" decoding=\"async\" class=\"alignnone size-large wp-image-745\" src=\"http:\/\/www.marenostrum-film.ch\/wp-content\/uploads\/2015\/06\/150611_mare_nostrum_cc4_title940-1024x576.jpg\" alt=\"150611_mare_nostrum_cc4_title940\" width=\"1024\" height=\"576\" srcset=\"https:\/\/www.marenostrum-film.ch\/wp-content\/uploads\/2015\/06\/150611_mare_nostrum_cc4_title940-1024x576.jpg 1024w, https:\/\/www.marenostrum-film.ch\/wp-content\/uploads\/2015\/06\/150611_mare_nostrum_cc4_title940-300x169.jpg 300w, https:\/\/www.marenostrum-film.ch\/wp-content\/uploads\/2015\/06\/150611_mare_nostrum_cc4_title940.jpg 1920w\" sizes=\"auto, (max-width: 1024px) 100vw, 1024px\" \/><\/a><\/p>\n<p>&nbsp;<\/p>\n","protected":false},"excerpt":{"rendered":"<p>&nbsp; &nbsp; &nbsp; La Scuola Vivante est une initiative \u00e9ducative tourn\u00e9e vers l\u2019avenir \u00e0 Buchs\u00a0SG. Elle comprend une \u00e9cole, un atelier de bricolage et une offre de cours destin\u00e9s aux enfants, aux adolescents et aux adultes. Sa partenaire au Maroc, l\u2019\u00e9cole vivante, assure depuis 2010 un enseignement fond\u00e9 sur les pr\u00e9ceptes de la Scuola Vivante. [&hellip;]<\/p>\n","protected":false},"author":2,"featured_media":0,"parent":0,"menu_order":0,"comment_status":"open","ping_status":"open","template":"","meta":{"_acf_changed":false,"footnotes":""},"class_list":["post-891","page","type-page","status-publish","hentry"],"acf":[],"_links":{"self":[{"href":"https:\/\/www.marenostrum-film.ch\/fr\/wp-json\/wp\/v2\/pages\/891","targetHints":{"allow":["GET"]}}],"collection":[{"href":"https:\/\/www.marenostrum-film.ch\/fr\/wp-json\/wp\/v2\/pages"}],"about":[{"href":"https:\/\/www.marenostrum-film.ch\/fr\/wp-json\/wp\/v2\/types\/page"}],"author":[{"embeddable":true,"href":"https:\/\/www.marenostrum-film.ch\/fr\/wp-json\/wp\/v2\/users\/2"}],"replies":[{"embeddable":true,"href":"https:\/\/www.marenostrum-film.ch\/fr\/wp-json\/wp\/v2\/comments?post=891"}],"version-history":[{"count":5,"href":"https:\/\/www.marenostrum-film.ch\/fr\/wp-json\/wp\/v2\/pages\/891\/revisions"}],"predecessor-version":[{"id":1899,"href":"https:\/\/www.marenostrum-film.ch\/fr\/wp-json\/wp\/v2\/pages\/891\/revisions\/1899"}],"wp:attachment":[{"href":"https:\/\/www.marenostrum-film.ch\/fr\/wp-json\/wp\/v2\/media?parent=891"}],"curies":[{"name":"wp","href":"https:\/\/api.w.org\/{rel}","templated":true}]}}