{"id":887,"date":"2015-06-28T18:26:36","date_gmt":"2015-06-28T16:26:36","guid":{"rendered":"http:\/\/www.marenostrum-film.ch\/?page_id=887&#038;lang=fr"},"modified":"2025-07-07T14:33:24","modified_gmt":"2025-07-07T12:33:24","slug":"regie","status":"publish","type":"page","link":"https:\/\/www.marenostrum-film.ch\/fr\/regie\/","title":{"rendered":"R\u00e9alisation"},"content":{"rendered":"<p><strong>Michelle Brun<\/strong>\u00a0est une r\u00e9alisatrice et monteuse ind\u00e9pendante. Elle a \u00e9tudi\u00e9 \u00e0 l\u2019ESCAC de Barcelone, o\u00fa elle s\u2019est sp\u00e9cialis\u00e9e dans la r\u00e9alisation de films documentaires. Depuis 2006 elle a r\u00e9alis\u00e9 ses propres films doumentaires tels que \u201eWater runs deep\u201c et \u201eTales Wander\u201c. Depuis 2014, elle a commenc\u00e9 avec la cr\u00e9ation et la direction de la classe de cin\u00e9ma \u201eTele Vivante\u201c. Depuis 2016 elle est un membre de la soci\u00e9t\u00e9 de production \u201eVivante Productions\u201c.<\/p>\n<p><em>\u00a0<\/em><\/p>\n<p><strong>Stefan Haupt<\/strong> travaille depuis 1989 comme r\u00e9alisateur et cin\u00e9aste ind\u00e9pendant. En 1998, il a cr\u00e9\u00e9 Fontana Film, sa propre soci\u00e9t\u00e9 de production. Ses longs m\u00e9trages et ses documentaires, <em>Utopia Blues, Elisabeth Ku\u0308bler-Ross, Sagrada, <\/em><em>\u00c9clipse de bonheur<\/em> et <em>Le Cercle,<\/em> lui ont apport\u00e9 une reconnaissance internationale et de nombreuses distinctions. Avec <em>Le Cercle,<\/em> il est laur\u00e9at du Prix du Cin\u00e9ma Suisse 2015 dans quatre cat\u00e9gories.<\/p>\n<p>Buchs, Mai 2016<\/p>\n","protected":false},"excerpt":{"rendered":"<p>Michelle Brun\u00a0est une r\u00e9alisatrice et monteuse ind\u00e9pendante. Elle a \u00e9tudi\u00e9 \u00e0 l\u2019ESCAC de Barcelone, o\u00fa elle s\u2019est sp\u00e9cialis\u00e9e dans la r\u00e9alisation de films documentaires. Depuis 2006 elle a r\u00e9alis\u00e9 ses propres films doumentaires tels que \u201eWater runs deep\u201c et \u201eTales Wander\u201c. Depuis 2014, elle a commenc\u00e9 avec la cr\u00e9ation et la direction de la classe [&hellip;]<\/p>\n","protected":false},"author":2,"featured_media":0,"parent":0,"menu_order":0,"comment_status":"open","ping_status":"open","template":"","meta":{"_acf_changed":false,"footnotes":""},"class_list":["post-887","page","type-page","status-publish","hentry"],"acf":[],"_links":{"self":[{"href":"https:\/\/www.marenostrum-film.ch\/fr\/wp-json\/wp\/v2\/pages\/887","targetHints":{"allow":["GET"]}}],"collection":[{"href":"https:\/\/www.marenostrum-film.ch\/fr\/wp-json\/wp\/v2\/pages"}],"about":[{"href":"https:\/\/www.marenostrum-film.ch\/fr\/wp-json\/wp\/v2\/types\/page"}],"author":[{"embeddable":true,"href":"https:\/\/www.marenostrum-film.ch\/fr\/wp-json\/wp\/v2\/users\/2"}],"replies":[{"embeddable":true,"href":"https:\/\/www.marenostrum-film.ch\/fr\/wp-json\/wp\/v2\/comments?post=887"}],"version-history":[{"count":8,"href":"https:\/\/www.marenostrum-film.ch\/fr\/wp-json\/wp\/v2\/pages\/887\/revisions"}],"predecessor-version":[{"id":2576,"href":"https:\/\/www.marenostrum-film.ch\/fr\/wp-json\/wp\/v2\/pages\/887\/revisions\/2576"}],"wp:attachment":[{"href":"https:\/\/www.marenostrum-film.ch\/fr\/wp-json\/wp\/v2\/media?parent=887"}],"curies":[{"name":"wp","href":"https:\/\/api.w.org\/{rel}","templated":true}]}}