{"id":883,"date":"2015-06-28T18:25:50","date_gmt":"2015-06-28T16:25:50","guid":{"rendered":"http:\/\/www.marenostrum-film.ch\/?page_id=883&#038;lang=fr"},"modified":"2025-07-07T14:35:40","modified_gmt":"2025-07-07T12:35:40","slug":"produzenten","status":"publish","type":"page","link":"https:\/\/www.marenostrum-film.ch\/fr\/produzenten\/","title":{"rendered":"Producteurs"},"content":{"rendered":"\n<p>&nbsp;<\/p>\n\n\n\n<p>Le producteur de ce film est VIVANTE PRODUCTIONS, une part de l\u2019association Scuola Vivante dirig\u00e9e par J\u00fcrg M\u00e4der et Veronika M\u00fcller M\u00e4der.<\/p>\n\n\n\n<p><strong>Veronika M\u00fcller M\u00e4der<\/strong> (1963)<br>Enseignante, entrepreneuse, formatrice en logoth\u00e9rapie et analyse existentielle<br>Chanteuse et coach vocal<br>Fondatrice et co-directrice de la Scuola Vivante (depuis 1993)<\/p>\n\n\n\n<p><strong>J\u00fcrg M\u00e4der<\/strong> (1964)<br>Enseignant, entrepreneur, directeur et conseil en organisation<br>Fondateur et co-directeur de la Scuola Vivante (depuis 1993)<br>Pr\u00e9sident de l\u2019association Scuola Vivante<\/p>\n\n\n\n<p>L\u2019association Scuola Vivante s\u2019engage depuis 1991 dans la formation (\u00e9cole, s\u00e9minaires de formation\/opportunit\u00e9s de formation), les loisirs (Br\u00fctwerk \u2013 l\u2019atelier d\u2019inventeurs, le \u00ab&nbsp;Jugend Technikum&nbsp;\u00bb, des cours sp\u00e9cifiques pour des enfants et des jeunes) et dans la culture (des concerts comme \u201eOrient Occident\u201c et \u201eMare Nostrum\u201c avec Jordi Savall, des semaines culturelles pour des enfants).<\/p>\n\n\n\n<p>Afin de rendre cette approche p\u00e9dagogique moderne et actuelle accessible \u00e0 un cercle plus large de personnes int\u00e9ress\u00e9es, l\u2019association Scuola Vivante a ajout\u00e9 en 2014 le domaine d\u2018activit\u00e9 \u201eVivante Productions\u201c: des productions audiovisuelle.<\/p>\n\n\n\n<p>Le film \u201eMARE NOSTRUM \u2013 Un concert. Un voyage.\u201c est la premi\u00e8re production.<\/p>\n\n\n\n<p>&nbsp;<\/p>\n","protected":false},"excerpt":{"rendered":"<p>&nbsp; Le producteur de ce film est VIVANTE PRODUCTIONS, une part de l\u2019association Scuola Vivante dirig\u00e9e par J\u00fcrg M\u00e4der et Veronika M\u00fcller M\u00e4der. Veronika M\u00fcller M\u00e4der (1963)Enseignante, entrepreneuse, formatrice en logoth\u00e9rapie et analyse existentielleChanteuse et coach vocalFondatrice et co-directrice de la Scuola Vivante (depuis 1993) J\u00fcrg M\u00e4der (1964)Enseignant, entrepreneur, directeur et conseil en organisationFondateur et [&hellip;]<\/p>\n","protected":false},"author":2,"featured_media":0,"parent":0,"menu_order":0,"comment_status":"open","ping_status":"open","template":"","meta":{"_acf_changed":false,"footnotes":""},"class_list":["post-883","page","type-page","status-publish","hentry"],"acf":[],"_links":{"self":[{"href":"https:\/\/www.marenostrum-film.ch\/fr\/wp-json\/wp\/v2\/pages\/883","targetHints":{"allow":["GET"]}}],"collection":[{"href":"https:\/\/www.marenostrum-film.ch\/fr\/wp-json\/wp\/v2\/pages"}],"about":[{"href":"https:\/\/www.marenostrum-film.ch\/fr\/wp-json\/wp\/v2\/types\/page"}],"author":[{"embeddable":true,"href":"https:\/\/www.marenostrum-film.ch\/fr\/wp-json\/wp\/v2\/users\/2"}],"replies":[{"embeddable":true,"href":"https:\/\/www.marenostrum-film.ch\/fr\/wp-json\/wp\/v2\/comments?post=883"}],"version-history":[{"count":7,"href":"https:\/\/www.marenostrum-film.ch\/fr\/wp-json\/wp\/v2\/pages\/883\/revisions"}],"predecessor-version":[{"id":2578,"href":"https:\/\/www.marenostrum-film.ch\/fr\/wp-json\/wp\/v2\/pages\/883\/revisions\/2578"}],"wp:attachment":[{"href":"https:\/\/www.marenostrum-film.ch\/fr\/wp-json\/wp\/v2\/media?parent=883"}],"curies":[{"name":"wp","href":"https:\/\/api.w.org\/{rel}","templated":true}]}}