{"id":879,"date":"2015-06-28T18:25:03","date_gmt":"2015-06-28T16:25:03","guid":{"rendered":"http:\/\/www.marenostrum-film.ch\/?page_id=879&#038;lang=fr"},"modified":"2025-10-03T10:58:58","modified_gmt":"2025-10-03T08:58:58","slug":"pedro-estevan-spanien","status":"publish","type":"page","link":"https:\/\/www.marenostrum-film.ch\/fr\/pedro-estevan-spanien\/","title":{"rendered":"Pedro Estevan, Espagne"},"content":{"rendered":"\n<p><span lang=\"FR\" style=\"color: #333333; font-family: 'Georgia',serif;\">&nbsp;<\/span><\/p>\n\n\n\n<p>Pedro Estevan est n\u00e9 \u00e0 Sax (Alicante) en 1951. Il \u00e9tudie les percussions au Conservatoire royal sup\u00e9rieur de musique de Madrid et se sp\u00e9cialise en musique contemporaine. Il participe avec passion \u00e0 de nombreux groupes de jazz et pi\u00e8ces de th\u00e9\u00e2tre. Avec Maria Villa et Suso Saiz, il fonde des groupes comme Orquesta de las nubes, Ranfonia et Pan\u00adku.<\/p>\n\n\n\n<figure class=\"wp-block-image\"><a href=\"http:\/\/www.marenostrum-film.ch\/wp-content\/uploads\/2015\/06\/150611_mare_nostrum_cc4_title520-e1435148684201.jpg\"><img loading=\"lazy\" decoding=\"async\" width=\"1024\" height=\"576\" src=\"http:\/\/www.marenostrum-film.ch\/wp-content\/uploads\/2015\/06\/150611_mare_nostrum_cc4_title520-e1435148684201-1024x576.jpg\" alt=\"150611_mare_nostrum_cc4_title520\" class=\"wp-image-607\" srcset=\"https:\/\/www.marenostrum-film.ch\/wp-content\/uploads\/2015\/06\/150611_mare_nostrum_cc4_title520-e1435148684201-1024x576.jpg 1024w, https:\/\/www.marenostrum-film.ch\/wp-content\/uploads\/2015\/06\/150611_mare_nostrum_cc4_title520-e1435148684201-300x169.jpg 300w, https:\/\/www.marenostrum-film.ch\/wp-content\/uploads\/2015\/06\/150611_mare_nostrum_cc4_title520-e1435148684201.jpg 1920w\" sizes=\"auto, (max-width: 1024px) 100vw, 1024px\" \/><\/a><\/figure>\n\n\n\n<p>Depuis 1968, Pedro Estevan est membre d\u2019Hesp\u00e8rion XXI et du Concert des Nations. Il jongle entre toutes ses prestations musicales et son m\u00e9tier d\u2019enseignant \u00e0 l\u2019ESMUC (Escola Superior de Musica de Catalunia).<\/p>\n\n\n\n<figure class=\"wp-block-embed is-type-video is-provider-youtube wp-block-embed-youtube wp-embed-aspect-16-9 wp-has-aspect-ratio\"><div class=\"wp-block-embed__wrapper\">\n<iframe loading=\"lazy\" title=\"Isampitta- Lamento di Tristano\" width=\"500\" height=\"281\" src=\"https:\/\/www.youtube.com\/embed\/oqGO4y81I6E?feature=oembed\" frameborder=\"0\" allow=\"accelerometer; autoplay; clipboard-write; encrypted-media; gyroscope; picture-in-picture; web-share\" referrerpolicy=\"strict-origin-when-cross-origin\" allowfullscreen><\/iframe>\n<\/div><\/figure>\n\n\n\n<p><strong>Pandeiro (tambour sur cadre)<\/strong> D\u2019origine m\u00e9sopotamienne, cet instrument est mentionn\u00e9 dans la Bible (la <em>Gen\u00e8se<\/em> et l\u2019<em>Exode<\/em>). Il appara\u00eet sur les peintures murales des tombes \u00e9gyptiennes antiques. La forme de cet instrument et les mat\u00e9riaux utilis\u00e9s pour sa fabrication n\u2019ont, pour l\u2019essentiel, pas chang\u00e9 depuis des si\u00e8cles. On joue encore du pandeiro aujourd\u2019hui, en particulier dans les pays du Maghreb.<\/p>\n\n\n\n<p><strong>Pandereta (tambourin)<\/strong> Plus petit que le pandeiro et muni de cymbalettes. La premi\u00e8re repr\u00e9sentation d\u2019un petit tambour sur cadre avec cymbalettes attach\u00e9es au cadre a \u00e9t\u00e9 retrouv\u00e9e sur le bas-relief d\u2019un sarcophage romain.<\/p>\n\n\n\n<p><strong>Darbouka<\/strong> D\u2019origine persane, tous les instruments de cette famille ont une forme de gobelet. Ils sont en poterie, en bois ou en m\u00e9tal et ont une peau unique qui recouvre l\u2019ouverture la plus grande.<\/p>\n\n\n\n<p><strong>Tambour<\/strong> Tambours de diff\u00e9rentes tailles et fabriqu\u00e9s en diff\u00e9rents mat\u00e9riaux que l\u2019on trouve partout dans le monde. Pour ce concert, nous utiliserons un instrument d\u2019origine berb\u00e8re, du sud du Maroc. Ce tambour est appel\u00e9 \u00abganga\u00bb. On en joue lors de toutes sortes de festivit\u00e9s: mariages, fin du Ramadan, en association avec des chalumeaux et des trompettes.<\/p>\n\n\n\n<figure class=\"wp-block-embed is-type-video is-provider-youtube wp-block-embed-youtube wp-embed-aspect-16-9 wp-has-aspect-ratio\"><div class=\"wp-block-embed__wrapper\">\n<iframe loading=\"lazy\" title=\"Pedro Estevan im Gespr\u00e4ch\" width=\"500\" height=\"281\" src=\"https:\/\/www.youtube.com\/embed\/JlH_q7t7x_8?feature=oembed\" frameborder=\"0\" allow=\"accelerometer; autoplay; clipboard-write; encrypted-media; gyroscope; picture-in-picture; web-share\" referrerpolicy=\"strict-origin-when-cross-origin\" allowfullscreen><\/iframe>\n<\/div><\/figure>\n","protected":false},"excerpt":{"rendered":"<p>&nbsp; Pedro Estevan est n\u00e9 \u00e0 Sax (Alicante) en 1951. Il \u00e9tudie les percussions au Conservatoire royal sup\u00e9rieur de musique de Madrid et se sp\u00e9cialise en musique contemporaine. Il participe avec passion \u00e0 de nombreux groupes de jazz et pi\u00e8ces de th\u00e9\u00e2tre. Avec Maria Villa et Suso Saiz, il fonde des groupes comme Orquesta de [&hellip;]<\/p>\n","protected":false},"author":2,"featured_media":0,"parent":0,"menu_order":0,"comment_status":"open","ping_status":"open","template":"","meta":{"_acf_changed":false,"footnotes":""},"class_list":["post-879","page","type-page","status-publish","hentry"],"acf":[],"_links":{"self":[{"href":"https:\/\/www.marenostrum-film.ch\/fr\/wp-json\/wp\/v2\/pages\/879","targetHints":{"allow":["GET"]}}],"collection":[{"href":"https:\/\/www.marenostrum-film.ch\/fr\/wp-json\/wp\/v2\/pages"}],"about":[{"href":"https:\/\/www.marenostrum-film.ch\/fr\/wp-json\/wp\/v2\/types\/page"}],"author":[{"embeddable":true,"href":"https:\/\/www.marenostrum-film.ch\/fr\/wp-json\/wp\/v2\/users\/2"}],"replies":[{"embeddable":true,"href":"https:\/\/www.marenostrum-film.ch\/fr\/wp-json\/wp\/v2\/comments?post=879"}],"version-history":[{"count":10,"href":"https:\/\/www.marenostrum-film.ch\/fr\/wp-json\/wp\/v2\/pages\/879\/revisions"}],"predecessor-version":[{"id":2674,"href":"https:\/\/www.marenostrum-film.ch\/fr\/wp-json\/wp\/v2\/pages\/879\/revisions\/2674"}],"wp:attachment":[{"href":"https:\/\/www.marenostrum-film.ch\/fr\/wp-json\/wp\/v2\/media?parent=879"}],"curies":[{"name":"wp","href":"https:\/\/api.w.org\/{rel}","templated":true}]}}