{"id":873,"date":"2015-06-28T18:23:36","date_gmt":"2015-06-28T16:23:36","guid":{"rendered":"http:\/\/www.marenostrum-film.ch\/?page_id=873&#038;lang=fr"},"modified":"2025-07-07T13:07:34","modified_gmt":"2025-07-07T11:07:34","slug":"mare-nostrum","status":"publish","type":"page","link":"https:\/\/www.marenostrum-film.ch\/fr\/mare-nostrum\/","title":{"rendered":"Mare Nostrum"},"content":{"rendered":"\n<p>&nbsp;<\/p>\n\n\n\n<p>Mare Nostrum, notre mer: c\u2019est ainsi que les Romains nomm\u00e8rent la mer M\u00e9diterran\u00e9e au II<sup>e<\/sup> si\u00e8cle, apr\u00e8s avoir arrach\u00e9 la Corse, la Sardaigne et la Sicile aux Carthaginois. Les autres cultures, qui se sont d\u00e9velopp\u00e9es sur 46\u2019000&nbsp;kilom\u00e8tres le long des c\u00f4tes m\u00e9diterran\u00e9ennes, ont attribu\u00e9 divers noms \u00e0 Mare Nostrum au cours des si\u00e8cles.<\/p>\n\n\n\n<p>Les anciens \u00c9gyptiens l\u2019appelaient \u00abgrand vert\u00bb, peut-\u00eatre en raison des roseaux et des n\u00e9nuphars, mais aussi des boues et des alluvions que le Nil charriait dans la mer. Dans les textes bibliques, les Isra\u00e9lites lui attribuent des qualificatifs nombreux et diff\u00e9rents: la mer occidentale, la mer de derri\u00e8re, la grande mer, la mer des Philistins. Aujourd\u2019hui, les Isra\u00e9liens connaissent la mer M\u00e9diterran\u00e9e sous le nom de Yam&nbsp;haTichon, traduction litt\u00e9rale de l\u2019expression allemande en h\u00e9breu.<\/p>\n\n\n\n<p>Les Arabes l\u2019appellent alBahr alAbyad alMutawassit, la mer blanche du milieu. Les Turcs disent Akdeniz, la mer blanche ou mer du sud, car les Ottomans d\u00e9signaient les points cardinaux par des couleurs: le blanc pour le sud, le vert ou le jaune pour l\u2019est, le noir pour le nord (d\u2019o\u00f9 le nom de \u00abmer Noire\u00bb) et le rouge pour l\u2019ouest. Les Berb\u00e8res l\u2019appellent Ilel Agrakal, la mer d\u2019entre les terres.<\/p>\n\n\n\n<p><em>Extrait du livret CD <\/em><em>Mare Nostrum<\/em><em> de Jordi Savall<\/em><\/p>\n\n\n\n<figure class=\"wp-block-image size-large is-resized\"><a href=\"https:\/\/www.marenostrum-film.ch\/wp-content\/uploads\/2015\/06\/Programm_Jordi-Savall.pdf\" target=\"_blank\" rel=\" noreferrer noopener\"><img loading=\"lazy\" decoding=\"async\" width=\"1024\" height=\"721\" src=\"https:\/\/www.marenostrum-film.ch\/wp-content\/uploads\/2025\/07\/Programmheft-Bild-1024x721.png\" alt=\"\" class=\"wp-image-2402\" style=\"width:535px;height:auto\" srcset=\"https:\/\/www.marenostrum-film.ch\/wp-content\/uploads\/2025\/07\/Programmheft-Bild-1024x721.png 1024w, https:\/\/www.marenostrum-film.ch\/wp-content\/uploads\/2025\/07\/Programmheft-Bild-300x211.png 300w, https:\/\/www.marenostrum-film.ch\/wp-content\/uploads\/2025\/07\/Programmheft-Bild-768x541.png 768w, https:\/\/www.marenostrum-film.ch\/wp-content\/uploads\/2025\/07\/Programmheft-Bild-1536x1081.png 1536w, https:\/\/www.marenostrum-film.ch\/wp-content\/uploads\/2025\/07\/Programmheft-Bild.png 1693w\" sizes=\"auto, (max-width: 1024px) 100vw, 1024px\" \/><\/a><\/figure>\n\n\n\n<p><a href=\"https:\/\/www.marenostrum-film.ch\/wp-content\/uploads\/2015\/06\/Programm_Jordi-Savall.pdf\" target=\"_blank\" rel=\"noreferrer noopener\">programme du concert (PDF)<\/a><\/p>\n\n\n\n<p><\/p>\n","protected":false},"excerpt":{"rendered":"<p>&nbsp; Mare Nostrum, notre mer: c\u2019est ainsi que les Romains nomm\u00e8rent la mer M\u00e9diterran\u00e9e au IIe si\u00e8cle, apr\u00e8s avoir arrach\u00e9 la Corse, la Sardaigne et la Sicile aux Carthaginois. Les autres cultures, qui se sont d\u00e9velopp\u00e9es sur 46\u2019000&nbsp;kilom\u00e8tres le long des c\u00f4tes m\u00e9diterran\u00e9ennes, ont attribu\u00e9 divers noms \u00e0 Mare Nostrum au cours des si\u00e8cles. Les [&hellip;]<\/p>\n","protected":false},"author":2,"featured_media":0,"parent":0,"menu_order":0,"comment_status":"open","ping_status":"open","template":"","meta":{"_acf_changed":false,"footnotes":""},"class_list":["post-873","page","type-page","status-publish","hentry"],"acf":[],"_links":{"self":[{"href":"https:\/\/www.marenostrum-film.ch\/fr\/wp-json\/wp\/v2\/pages\/873","targetHints":{"allow":["GET"]}}],"collection":[{"href":"https:\/\/www.marenostrum-film.ch\/fr\/wp-json\/wp\/v2\/pages"}],"about":[{"href":"https:\/\/www.marenostrum-film.ch\/fr\/wp-json\/wp\/v2\/types\/page"}],"author":[{"embeddable":true,"href":"https:\/\/www.marenostrum-film.ch\/fr\/wp-json\/wp\/v2\/users\/2"}],"replies":[{"embeddable":true,"href":"https:\/\/www.marenostrum-film.ch\/fr\/wp-json\/wp\/v2\/comments?post=873"}],"version-history":[{"count":6,"href":"https:\/\/www.marenostrum-film.ch\/fr\/wp-json\/wp\/v2\/pages\/873\/revisions"}],"predecessor-version":[{"id":2559,"href":"https:\/\/www.marenostrum-film.ch\/fr\/wp-json\/wp\/v2\/pages\/873\/revisions\/2559"}],"wp:attachment":[{"href":"https:\/\/www.marenostrum-film.ch\/fr\/wp-json\/wp\/v2\/media?parent=873"}],"curies":[{"name":"wp","href":"https:\/\/api.w.org\/{rel}","templated":true}]}}