{"id":869,"date":"2015-06-28T18:22:55","date_gmt":"2015-06-28T16:22:55","guid":{"rendered":"http:\/\/www.marenostrum-film.ch\/?page_id=869&#038;lang=fr"},"modified":"2025-10-03T13:52:47","modified_gmt":"2025-10-03T11:52:47","slug":"hakan-guengoer-tuerkei","status":"publish","type":"page","link":"https:\/\/www.marenostrum-film.ch\/fr\/hakan-guengoer-tuerkei\/","title":{"rendered":"Hakan G\u00fcng\u00f6r, Turquie"},"content":{"rendered":"\n<p>&nbsp;<\/p>\n\n\n\n<p>Hakan G\u00fcng\u00f6r est n\u00e9 en 1973 \u00e0 Ankara. Ses premi\u00e8res le\u00e7ons de musique, il les prend aupr\u00e8s de son p\u00e8re, le joueur d&rsquo;oud Ali Osama G\u00fcng\u00f6r. En 1990, il enterprend des \u00e9tudes de musique \u00e0 l&rsquo;Universit\u00e9 Gazi, puis Change deux ans plus tard pour entrer au Conservatoire national de musique d&rsquo;Istanbul.<\/p>\n\n\n\n<p>Dot\u00e9 d&rsquo;une approche technique exeptionelle, il es sollicit\u00e9 depuis 1993 comme virtuose du qan\u00fbn \u00e0 l&rsquo;occasion de nombreux concerts et enregistrements internationaux.<\/p>\n\n\n\n<figure class=\"wp-block-image\"><a href=\"http:\/\/www.marenostrum-film.ch\/wp-content\/uploads\/2015\/06\/MN-PICTURE-LOCK-CC-TC680.jpg\"><img loading=\"lazy\" decoding=\"async\" width=\"1024\" height=\"576\" src=\"http:\/\/www.marenostrum-film.ch\/wp-content\/uploads\/2015\/06\/MN-PICTURE-LOCK-CC-TC680-1024x576.jpg\" alt=\"MN-PICTURE-LOCK-CC-TC680\" class=\"wp-image-183\" srcset=\"https:\/\/www.marenostrum-film.ch\/wp-content\/uploads\/2015\/06\/MN-PICTURE-LOCK-CC-TC680-1024x576.jpg 1024w, https:\/\/www.marenostrum-film.ch\/wp-content\/uploads\/2015\/06\/MN-PICTURE-LOCK-CC-TC680-300x169.jpg 300w, https:\/\/www.marenostrum-film.ch\/wp-content\/uploads\/2015\/06\/MN-PICTURE-LOCK-CC-TC680.jpg 1920w\" sizes=\"auto, (max-width: 1024px) 100vw, 1024px\" \/><\/a><\/figure>\n\n\n\n<p><\/p>\n\n\n\n<p>Le qan\u00fbn, la cithare de l\u2019Orient Le qan\u00fbn est connu en Orient depuis le X<sup>e<\/sup> si\u00e8cle. C\u2019\u00e9tait l\u2019un des principaux instruments des Maures en Andalousie. Pr\u00e9curseur des cithares europ\u00e9ennes, il s\u2019est r\u00e9pandu en Europe depuis cette r\u00e9gion. De forme trap\u00e9zo\u00efdale, cet instrument en bois poss\u00e8de 63 \u00e0 84&nbsp;cordes et couvre trois octaves et demie. Le qan\u00fbn est pinc\u00e9 \u00e0 l\u2019aide de plectres enfonc\u00e9s comme des d\u00e9s \u00e0 coudre sur l\u2019index.<\/p>\n\n\n\n<figure class=\"wp-block-embed is-type-video is-provider-youtube wp-block-embed-youtube wp-embed-aspect-16-9 wp-has-aspect-ratio\"><div class=\"wp-block-embed__wrapper\">\n<iframe loading=\"lazy\" title=\"Gazel  (Jordi Savall, Mare Nostrum)\" width=\"500\" height=\"281\" src=\"https:\/\/www.youtube.com\/embed\/FcpZYxA6ev0?feature=oembed\" frameborder=\"0\" allow=\"accelerometer; autoplay; clipboard-write; encrypted-media; gyroscope; picture-in-picture; web-share\" referrerpolicy=\"strict-origin-when-cross-origin\" allowfullscreen><\/iframe>\n<\/div><\/figure>\n\n\n\n<p>&nbsp;<\/p>\n","protected":false},"excerpt":{"rendered":"<p>&nbsp; Hakan G\u00fcng\u00f6r est n\u00e9 en 1973 \u00e0 Ankara. Ses premi\u00e8res le\u00e7ons de musique, il les prend aupr\u00e8s de son p\u00e8re, le joueur d&rsquo;oud Ali Osama G\u00fcng\u00f6r. En 1990, il enterprend des \u00e9tudes de musique \u00e0 l&rsquo;Universit\u00e9 Gazi, puis Change deux ans plus tard pour entrer au Conservatoire national de musique d&rsquo;Istanbul. Dot\u00e9 d&rsquo;une approche [&hellip;]<\/p>\n","protected":false},"author":2,"featured_media":0,"parent":0,"menu_order":0,"comment_status":"open","ping_status":"open","template":"","meta":{"_acf_changed":false,"footnotes":""},"class_list":["post-869","page","type-page","status-publish","hentry"],"acf":[],"_links":{"self":[{"href":"https:\/\/www.marenostrum-film.ch\/fr\/wp-json\/wp\/v2\/pages\/869","targetHints":{"allow":["GET"]}}],"collection":[{"href":"https:\/\/www.marenostrum-film.ch\/fr\/wp-json\/wp\/v2\/pages"}],"about":[{"href":"https:\/\/www.marenostrum-film.ch\/fr\/wp-json\/wp\/v2\/types\/page"}],"author":[{"embeddable":true,"href":"https:\/\/www.marenostrum-film.ch\/fr\/wp-json\/wp\/v2\/users\/2"}],"replies":[{"embeddable":true,"href":"https:\/\/www.marenostrum-film.ch\/fr\/wp-json\/wp\/v2\/comments?post=869"}],"version-history":[{"count":11,"href":"https:\/\/www.marenostrum-film.ch\/fr\/wp-json\/wp\/v2\/pages\/869\/revisions"}],"predecessor-version":[{"id":2689,"href":"https:\/\/www.marenostrum-film.ch\/fr\/wp-json\/wp\/v2\/pages\/869\/revisions\/2689"}],"wp:attachment":[{"href":"https:\/\/www.marenostrum-film.ch\/fr\/wp-json\/wp\/v2\/media?parent=869"}],"curies":[{"name":"wp","href":"https:\/\/api.w.org\/{rel}","templated":true}]}}