{"id":867,"date":"2015-06-28T18:22:21","date_gmt":"2015-06-28T16:22:21","guid":{"rendered":"http:\/\/www.marenostrum-film.ch\/?page_id=867&#038;lang=fr"},"modified":"2025-07-08T08:53:21","modified_gmt":"2025-07-08T06:53:21","slug":"haig-sarikouyoumdjian-armenien","status":"publish","type":"page","link":"https:\/\/www.marenostrum-film.ch\/fr\/haig-sarikouyoumdjian-armenien\/","title":{"rendered":"Ha\u00efg Sarikouyoumdjian, Arm\u00e9nie"},"content":{"rendered":"\n<p>&nbsp;<\/p>\n\n\n\n<p>N\u00e9 en 1985, Ha\u00efg Sarikouyoumdjian se met \u00e0 jouer du duduk \u00e0 l\u2019\u00e2ge de treize ans. Il apprend la technique et les nuances de cet instrument aupr\u00e8s de ma\u00eetres en Arm\u00e9nie. Il se familiarise avec le r\u00e9pertoire traditionnel, les subtilit\u00e9s de l\u2019intervalle, les rythmes, les ornements et la modalit\u00e9. Apr\u00e8s divers projets \u00e0 partir de 2004, dont des medjlis, un m\u00e9lange de musique arm\u00e9nienne, de musique contemporaine et de jazz, il se met \u00e0 jouer dans le monde entier en 2009 avec Jordi Savall et Hesp\u00e8rion&nbsp;XXI.<\/p>\n\n\n\n<figure class=\"wp-block-image\"><a href=\"http:\/\/www.marenostrum-film.ch\/wp-content\/uploads\/2015\/06\/MN-PICTURE-LOCK-CC-TC260.jpg\"><img loading=\"lazy\" decoding=\"async\" width=\"1024\" height=\"576\" src=\"http:\/\/www.marenostrum-film.ch\/wp-content\/uploads\/2015\/06\/MN-PICTURE-LOCK-CC-TC260-1024x576.jpg\" alt=\"MN-PICTURE-LOCK-CC-TC260\" class=\"wp-image-148\" srcset=\"https:\/\/www.marenostrum-film.ch\/wp-content\/uploads\/2015\/06\/MN-PICTURE-LOCK-CC-TC260-1024x576.jpg 1024w, https:\/\/www.marenostrum-film.ch\/wp-content\/uploads\/2015\/06\/MN-PICTURE-LOCK-CC-TC260-300x169.jpg 300w, https:\/\/www.marenostrum-film.ch\/wp-content\/uploads\/2015\/06\/MN-PICTURE-LOCK-CC-TC260.jpg 1920w\" sizes=\"auto, (max-width: 1024px) 100vw, 1024px\" \/><\/a><\/figure>\n\n\n\n<p><\/p>\n\n\n\n<p><strong>L\u2019instrument<\/strong> Le duduk est l\u2019instrument le plus typique de l\u2019Arm\u00e9nie, il est \u00e9galement jou\u00e9 dans les pays voisins du Caucase, en Turquie et en Iran. C\u2019est un hautbois, car il poss\u00e8de une anche double, cependant il est cylindrique et non conique comme la majorit\u00e9 des hautbois. Il est en bois d\u2019abricotier. Le nom latin de l\u2019abricotier est <em>prunus armeniaca,<\/em> qui signifie la prune d\u2019Arm\u00e9nie. Il poss\u00e8de \u00e9galement une grosse anche double fabriqu\u00e9e en roseau <em>(arundo donax).<\/em> Traditionnellement, le duduk est toujours accompagn\u00e9 d\u2019un autre duduk qui joue le bourdon (note continue) en utilisant la respiration circulaire.<\/p>\n\n\n\n<figure class=\"wp-block-embed is-type-video is-provider-youtube wp-block-embed-youtube wp-embed-aspect-16-9 wp-has-aspect-ratio\"><div class=\"wp-block-embed__wrapper\">\n<iframe loading=\"lazy\" title=\"Duduk - Erkunden meines Innern\" width=\"500\" height=\"281\" src=\"https:\/\/www.youtube.com\/embed\/_nEpnxe5XVc?feature=oembed\" frameborder=\"0\" allow=\"accelerometer; autoplay; clipboard-write; encrypted-media; gyroscope; picture-in-picture; web-share\" referrerpolicy=\"strict-origin-when-cross-origin\" allowfullscreen><\/iframe>\n<\/div><\/figure>\n\n\n\n<p><strong>Le pays<\/strong> L\u2019Arm\u00e9nie est un pays d\u2019Asie occidentale de 29\u2019000 kilom\u00e8tres carr\u00e9s. Le berceau de la civilisation arm\u00e9nienne est le lac de Van, situ\u00e9 aujourd\u2019hui en Turquie. C\u2019est le premier \u00c9tat \u00e0 avoir accept\u00e9 le christianisme en 301. Avant cela, le culte arm\u00e9nien \u00e9tait le m\u00eame que dans l\u2019Empire perse (zoroastrisme). L\u2019arm\u00e9nien est une langue indo\u00ad-europ\u00e9enne, mais elle constitue une branche \u00e0 part de celle\u00ad-ci. Elle a \u00e9galement un alphabet sp\u00e9cifique de 38 lettres. Saviez-\u00advous qu\u2019un math\u00e9maticien arm\u00e9nien du VII<sup>e<\/sup> si\u00e8cle, Anania de Shirak, avait annonc\u00e9 huit si\u00e8cles avant Galil\u00e9e que la terre est ronde et qu\u2019elle tourne autour du soleil?<\/p>\n\n\n\n<p><strong>Le plat<\/strong> La nourriture arm\u00e9nienne est tr\u00e8s vari\u00e9e et diff\u00e9rente dans chaque r\u00e9gion. L\u2019un des plats traditionnels arm\u00e9niens est le dolma. C\u2019est une feuille de vigne farcie \u00e0 base de riz et de viande. On rencontre ce plat dans diff\u00e9rents pays du Moyen-Orient.<\/p>\n","protected":false},"excerpt":{"rendered":"<p>&nbsp; N\u00e9 en 1985, Ha\u00efg Sarikouyoumdjian se met \u00e0 jouer du duduk \u00e0 l\u2019\u00e2ge de treize ans. Il apprend la technique et les nuances de cet instrument aupr\u00e8s de ma\u00eetres en Arm\u00e9nie. Il se familiarise avec le r\u00e9pertoire traditionnel, les subtilit\u00e9s de l\u2019intervalle, les rythmes, les ornements et la modalit\u00e9. Apr\u00e8s divers projets \u00e0 partir [&hellip;]<\/p>\n","protected":false},"author":2,"featured_media":0,"parent":0,"menu_order":0,"comment_status":"open","ping_status":"open","template":"","meta":{"_acf_changed":false,"footnotes":""},"class_list":["post-867","page","type-page","status-publish","hentry"],"acf":[],"_links":{"self":[{"href":"https:\/\/www.marenostrum-film.ch\/fr\/wp-json\/wp\/v2\/pages\/867","targetHints":{"allow":["GET"]}}],"collection":[{"href":"https:\/\/www.marenostrum-film.ch\/fr\/wp-json\/wp\/v2\/pages"}],"about":[{"href":"https:\/\/www.marenostrum-film.ch\/fr\/wp-json\/wp\/v2\/types\/page"}],"author":[{"embeddable":true,"href":"https:\/\/www.marenostrum-film.ch\/fr\/wp-json\/wp\/v2\/users\/2"}],"replies":[{"embeddable":true,"href":"https:\/\/www.marenostrum-film.ch\/fr\/wp-json\/wp\/v2\/comments?post=867"}],"version-history":[{"count":4,"href":"https:\/\/www.marenostrum-film.ch\/fr\/wp-json\/wp\/v2\/pages\/867\/revisions"}],"predecessor-version":[{"id":2605,"href":"https:\/\/www.marenostrum-film.ch\/fr\/wp-json\/wp\/v2\/pages\/867\/revisions\/2605"}],"wp:attachment":[{"href":"https:\/\/www.marenostrum-film.ch\/fr\/wp-json\/wp\/v2\/media?parent=867"}],"curies":[{"name":"wp","href":"https:\/\/api.w.org\/{rel}","templated":true}]}}