{"id":865,"date":"2015-06-28T18:21:52","date_gmt":"2015-06-28T16:21:52","guid":{"rendered":"http:\/\/www.marenostrum-film.ch\/?page_id=865&#038;lang=fr"},"modified":"2025-10-03T13:46:58","modified_gmt":"2025-10-03T11:46:58","slug":"guersoy-dincer-tuerkei","status":"publish","type":"page","link":"https:\/\/www.marenostrum-film.ch\/fr\/guersoy-dincer-tuerkei\/","title":{"rendered":"G\u00fcrsoy Din\u00e7er, Turquie"},"content":{"rendered":"\n<p>&nbsp;<\/p>\n\n\n\n<p>N\u00e9 \u00e0 Bayburt en 1975, G\u00fcrsoy Din\u00e7er entreprend des \u00e9tudes au Conservatoire d\u2019Istanbul en 1996. Il passe son dipl\u00f4me de fin d\u2019\u00e9tudes en 2003. Apr\u00e8s cette brillante conclusion, les portes de la radio et de la t\u00e9l\u00e9vision lui sont ouvertes. Il entre ainsi en contact avec des formations et des orchestres connus, avec lesquels il aura ensuite la possibilit\u00e9 de chanter. Il a la chance de travailler ainsi avec diff\u00e9rents chefs d\u2019orchestre.<\/p>\n\n\n\n<p>Depuis 2005, il est m\u00eame enseignant au Conservatoire de G\u00f6lc\u00fck \u00e0 Kocaeli. Accompagn\u00e9 de diff\u00e9rents musiciens, il joue aujourd\u2019hui un r\u00f4le tr\u00e8s important comme soliste en Turquie et \u00e0 l\u2019\u00e9tranger. Invit\u00e9 comme chanteur, il chante dans diff\u00e9rents projets de Jordi Savall.<\/p>\n\n\n\n<figure class=\"wp-block-embed is-type-video is-provider-youtube wp-block-embed-youtube wp-embed-aspect-16-9 wp-has-aspect-ratio\"><div class=\"wp-block-embed__wrapper\">\n<iframe loading=\"lazy\" title=\"\u00dcsk\u00fcdar -  Eintauchen in die Welt der t\u00fcrkischen Musik\" width=\"500\" height=\"281\" src=\"https:\/\/www.youtube.com\/embed\/yo_EzOnfmSQ?feature=oembed\" frameborder=\"0\" allow=\"accelerometer; autoplay; clipboard-write; encrypted-media; gyroscope; picture-in-picture; web-share\" referrerpolicy=\"strict-origin-when-cross-origin\" allowfullscreen><\/iframe>\n<\/div><\/figure>\n\n\n\n<p>&nbsp;Selam &#8211; Bonjour !<br>Nas\u0131ls\u0131n &#8211; Comment \u00e7a va ?<br>Ayr\u0131ca te\u015fekk\u00fcr ederim \u2013 Bien, merci et vous aussi.<br>Elveda &#8211; Au revoir !<\/p>\n\n\n\n<figure class=\"wp-block-embed is-type-video is-provider-youtube wp-block-embed-youtube wp-embed-aspect-16-9 wp-has-aspect-ratio\"><div class=\"wp-block-embed__wrapper\">\n<iframe loading=\"lazy\" title=\"Gazel  (Jordi Savall, Mare Nostrum)\" width=\"500\" height=\"281\" src=\"https:\/\/www.youtube.com\/embed\/FcpZYxA6ev0?feature=oembed\" frameborder=\"0\" allow=\"accelerometer; autoplay; clipboard-write; encrypted-media; gyroscope; picture-in-picture; web-share\" referrerpolicy=\"strict-origin-when-cross-origin\" allowfullscreen><\/iframe>\n<\/div><\/figure>\n\n\n\n<p>&nbsp;<\/p>\n\n\n\n<p>&nbsp;<\/p>\n","protected":false},"excerpt":{"rendered":"<p>&nbsp; N\u00e9 \u00e0 Bayburt en 1975, G\u00fcrsoy Din\u00e7er entreprend des \u00e9tudes au Conservatoire d\u2019Istanbul en 1996. Il passe son dipl\u00f4me de fin d\u2019\u00e9tudes en 2003. Apr\u00e8s cette brillante conclusion, les portes de la radio et de la t\u00e9l\u00e9vision lui sont ouvertes. Il entre ainsi en contact avec des formations et des orchestres connus, avec lesquels [&hellip;]<\/p>\n","protected":false},"author":2,"featured_media":0,"parent":0,"menu_order":0,"comment_status":"open","ping_status":"open","template":"","meta":{"_acf_changed":false,"footnotes":""},"class_list":["post-865","page","type-page","status-publish","hentry"],"acf":[],"_links":{"self":[{"href":"https:\/\/www.marenostrum-film.ch\/fr\/wp-json\/wp\/v2\/pages\/865","targetHints":{"allow":["GET"]}}],"collection":[{"href":"https:\/\/www.marenostrum-film.ch\/fr\/wp-json\/wp\/v2\/pages"}],"about":[{"href":"https:\/\/www.marenostrum-film.ch\/fr\/wp-json\/wp\/v2\/types\/page"}],"author":[{"embeddable":true,"href":"https:\/\/www.marenostrum-film.ch\/fr\/wp-json\/wp\/v2\/users\/2"}],"replies":[{"embeddable":true,"href":"https:\/\/www.marenostrum-film.ch\/fr\/wp-json\/wp\/v2\/comments?post=865"}],"version-history":[{"count":7,"href":"https:\/\/www.marenostrum-film.ch\/fr\/wp-json\/wp\/v2\/pages\/865\/revisions"}],"predecessor-version":[{"id":2684,"href":"https:\/\/www.marenostrum-film.ch\/fr\/wp-json\/wp\/v2\/pages\/865\/revisions\/2684"}],"wp:attachment":[{"href":"https:\/\/www.marenostrum-film.ch\/fr\/wp-json\/wp\/v2\/media?parent=865"}],"curies":[{"name":"wp","href":"https:\/\/api.w.org\/{rel}","templated":true}]}}