{"id":863,"date":"2015-06-28T18:21:24","date_gmt":"2015-06-28T16:21:24","guid":{"rendered":"http:\/\/www.marenostrum-film.ch\/?page_id=863&#038;lang=fr"},"modified":"2015-07-11T16:48:27","modified_gmt":"2015-07-11T14:48:27","slug":"filmcrew","status":"publish","type":"page","link":"https:\/\/www.marenostrum-film.ch\/fr\/filmcrew\/","title":{"rendered":"\u00c9quipe de tournage"},"content":{"rendered":"<p>&nbsp;<\/p>\n<p>R\u00c9ALISATION<br \/>\nMichelle Brun et Stefan Haupt<\/p>\n<p>CAM\u00c9RA CONCERT<br \/>\nCarlotta Holy-Steinemann, Tobias Dengler, Georges Gachot<\/p>\n<p>ASSISTANT CAM\u00c9RA<br \/>\nDominik B\u00fchler<\/p>\n<p>CAM\u00c9RA VOYAGE AU MAROC<br \/>\nSina Loop, Dominik B\u00fchler, Lia Secli, Veronika M\u00fcller M\u00e4der<\/p>\n<p>SON CONCERT<br \/>\nMarco Teufen<\/p>\n<p>ASSISTANT SON<br \/>\nTobias Keel<\/p>\n<p>SON VOYAGE AU MAROC<br \/>\nTobias Keel, J\u00fcrg M\u00e4der<\/p>\n<p>DIRECTION ENTRETIENS AVEC LES MUSICIENS<br \/>\nStefan Haupt, Georges Gachot<\/p>\n<p>UNE PRODUCTION de Vivante Productions<br \/>\nPRODUCTEURS\u00a0Veronika M\u00fcller M\u00e4der, J\u00fcrg M\u00e4der<\/p>\n<p>&nbsp;<\/p>\n<p>&nbsp;<\/p>\n<p>&nbsp;<\/p>\n<p>&nbsp;<\/p>\n<p>&nbsp;<\/p>\n<p>&nbsp;<\/p>\n<p>&nbsp;<\/p>\n<p>&nbsp;<\/p>\n","protected":false},"excerpt":{"rendered":"<p>&nbsp; R\u00c9ALISATION Michelle Brun et Stefan Haupt CAM\u00c9RA CONCERT Carlotta Holy-Steinemann, Tobias Dengler, Georges Gachot ASSISTANT CAM\u00c9RA Dominik B\u00fchler CAM\u00c9RA VOYAGE AU MAROC Sina Loop, Dominik B\u00fchler, Lia Secli, Veronika M\u00fcller M\u00e4der SON CONCERT Marco Teufen ASSISTANT SON Tobias Keel SON VOYAGE AU MAROC Tobias Keel, J\u00fcrg M\u00e4der DIRECTION ENTRETIENS AVEC LES MUSICIENS Stefan Haupt, [&hellip;]<\/p>\n","protected":false},"author":2,"featured_media":0,"parent":0,"menu_order":0,"comment_status":"open","ping_status":"open","template":"","meta":{"_acf_changed":false,"footnotes":""},"class_list":["post-863","page","type-page","status-publish","hentry"],"acf":[],"_links":{"self":[{"href":"https:\/\/www.marenostrum-film.ch\/fr\/wp-json\/wp\/v2\/pages\/863","targetHints":{"allow":["GET"]}}],"collection":[{"href":"https:\/\/www.marenostrum-film.ch\/fr\/wp-json\/wp\/v2\/pages"}],"about":[{"href":"https:\/\/www.marenostrum-film.ch\/fr\/wp-json\/wp\/v2\/types\/page"}],"author":[{"embeddable":true,"href":"https:\/\/www.marenostrum-film.ch\/fr\/wp-json\/wp\/v2\/users\/2"}],"replies":[{"embeddable":true,"href":"https:\/\/www.marenostrum-film.ch\/fr\/wp-json\/wp\/v2\/comments?post=863"}],"version-history":[{"count":7,"href":"https:\/\/www.marenostrum-film.ch\/fr\/wp-json\/wp\/v2\/pages\/863\/revisions"}],"predecessor-version":[{"id":1234,"href":"https:\/\/www.marenostrum-film.ch\/fr\/wp-json\/wp\/v2\/pages\/863\/revisions\/1234"}],"wp:attachment":[{"href":"https:\/\/www.marenostrum-film.ch\/fr\/wp-json\/wp\/v2\/media?parent=863"}],"curies":[{"name":"wp","href":"https:\/\/api.w.org\/{rel}","templated":true}]}}