{"id":861,"date":"2015-06-28T18:21:04","date_gmt":"2015-06-28T16:21:04","guid":{"rendered":"http:\/\/www.marenostrum-film.ch\/?page_id=861&#038;lang=fr"},"modified":"2025-07-06T17:09:11","modified_gmt":"2025-07-06T15:09:11","slug":"ecole-vivante","status":"publish","type":"page","link":"https:\/\/www.marenostrum-film.ch\/fr\/ecole-vivante\/","title":{"rendered":"\u00e9cole vivante"},"content":{"rendered":"<div id=\"ccenter\" class=\"span-12\">\n<div id=\"c3\" class=\"csc-default\">\n<div class=\"csc-text\">\n<p>L\u2019\u00e9cole vivante, centre de jeunesse et de formation de l\u2019association d\u2019utilit\u00e9 publique Association Vivante, est situ\u00e9e dans la vall\u00e9e de la tribu berb\u00e8re des Ait Bouguemez, \u00e0 1800\u00a0m\u00e8tres d\u2019altitude, dans une zone montagneuse originellement rude du Haut Atlas marocain.<\/p>\n<p>L\u2019\u00e9cole vivante cr\u00e9e un espace pour les rencontres, la promotion et le d\u00e9veloppement, un lieu qui regroupe des individus de diff\u00e9rentes couches sociales et aux langues, cultures et religions diverses. L\u2019ancien se m\u00eale au moderne. Ici, les communaut\u00e9s, les us et coutumes sont maintenus et l\u2019\u00e9change interculturel est privil\u00e9gi\u00e9.<\/p>\n<p>L\u2019Association Vivante offre de mani\u00e8re durable aux jeunes hommes motiv\u00e9s la chance de s\u2019ouvrir au monde et \u00e0 de nouvelles perspectives. Stefanie Itto Tapal-Mouzoun\u00a0 et Haddou Mouzoun dirigent l\u2019\u00e9cole vivante.<\/p>\n<p><em>\u00a0<\/em><a href=\"http:\/\/www.marenostrum-film.ch\/wp-content\/uploads\/2015\/06\/150611_mare_nostrum_cc4_title8500.jpg\"><img loading=\"lazy\" decoding=\"async\" class=\"alignnone size-large wp-image-703\" src=\"http:\/\/www.marenostrum-film.ch\/wp-content\/uploads\/2015\/06\/150611_mare_nostrum_cc4_title8500-1024x576.jpg\" alt=\"150611_mare_nostrum_cc4_title8500\" width=\"1024\" height=\"576\" srcset=\"https:\/\/www.marenostrum-film.ch\/wp-content\/uploads\/2015\/06\/150611_mare_nostrum_cc4_title8500-1024x576.jpg 1024w, https:\/\/www.marenostrum-film.ch\/wp-content\/uploads\/2015\/06\/150611_mare_nostrum_cc4_title8500-300x169.jpg 300w, https:\/\/www.marenostrum-film.ch\/wp-content\/uploads\/2015\/06\/150611_mare_nostrum_cc4_title8500.jpg 1920w\" sizes=\"auto, (max-width: 1024px) 100vw, 1024px\" \/><\/a><\/p>\n<p><em>\u00abNous nous laissons emporter par la route, le paysage, nos pens\u00e9es. La beaut\u00e9 qui nous entoure est indescriptible, on doit le vivre pour le croire. Nous voyageons pendant des heures \u00e0 travers un paysage aust\u00e8re et poussi\u00e9reux, c\u2019est comme un voyage \u00e0 travers un moment. Ce soir, nous arriverons dans la vall\u00e9e d\u2019Ait Bouguemez, dans le village berb\u00e8re de l\u2019\u00e9cole vivante.\u00bb <em>Extrait du journal de voyage d\u2019une \u00e9l\u00e8ve de la Scuola Vivante, Buchs\u00a0SG<\/em><\/em><\/p>\n<p>Site web <a href=\"https:\/\/www.campusvivante.com\/fr\/\" target=\"_blank\" rel=\"noopener\">\u00ab \u00e9cole vivante \u00bb\u00a0<\/a><\/p>\n<\/div>\n<\/div>\n<\/div>\n","protected":false},"excerpt":{"rendered":"<p>L\u2019\u00e9cole vivante, centre de jeunesse et de formation de l\u2019association d\u2019utilit\u00e9 publique Association Vivante, est situ\u00e9e dans la vall\u00e9e de la tribu berb\u00e8re des Ait Bouguemez, \u00e0 1800\u00a0m\u00e8tres d\u2019altitude, dans une zone montagneuse originellement rude du Haut Atlas marocain. L\u2019\u00e9cole vivante cr\u00e9e un espace pour les rencontres, la promotion et le d\u00e9veloppement, un lieu qui [&hellip;]<\/p>\n","protected":false},"author":2,"featured_media":0,"parent":0,"menu_order":0,"comment_status":"open","ping_status":"open","template":"","meta":{"_acf_changed":false,"footnotes":""},"class_list":["post-861","page","type-page","status-publish","hentry"],"acf":[],"_links":{"self":[{"href":"https:\/\/www.marenostrum-film.ch\/fr\/wp-json\/wp\/v2\/pages\/861","targetHints":{"allow":["GET"]}}],"collection":[{"href":"https:\/\/www.marenostrum-film.ch\/fr\/wp-json\/wp\/v2\/pages"}],"about":[{"href":"https:\/\/www.marenostrum-film.ch\/fr\/wp-json\/wp\/v2\/types\/page"}],"author":[{"embeddable":true,"href":"https:\/\/www.marenostrum-film.ch\/fr\/wp-json\/wp\/v2\/users\/2"}],"replies":[{"embeddable":true,"href":"https:\/\/www.marenostrum-film.ch\/fr\/wp-json\/wp\/v2\/comments?post=861"}],"version-history":[{"count":8,"href":"https:\/\/www.marenostrum-film.ch\/fr\/wp-json\/wp\/v2\/pages\/861\/revisions"}],"predecessor-version":[{"id":2521,"href":"https:\/\/www.marenostrum-film.ch\/fr\/wp-json\/wp\/v2\/pages\/861\/revisions\/2521"}],"wp:attachment":[{"href":"https:\/\/www.marenostrum-film.ch\/fr\/wp-json\/wp\/v2\/media?parent=861"}],"curies":[{"name":"wp","href":"https:\/\/api.w.org\/{rel}","templated":true}]}}