{"id":858,"date":"2015-06-28T18:20:38","date_gmt":"2015-06-28T16:20:38","guid":{"rendered":"http:\/\/www.marenostrum-film.ch\/?page_id=858&#038;lang=fr"},"modified":"2015-07-11T16:54:27","modified_gmt":"2015-07-11T14:54:27","slug":"858-2","status":"publish","type":"page","link":"https:\/\/www.marenostrum-film.ch\/fr\/858-2\/","title":{"rendered":"Direction"},"content":{"rendered":"<p>\u00abUn chef d\u2019orchestre est comme un p\u00e8re qui veille \u00e0 ce que ses enfants ne fassent rien de mal, mais les laisse libres pour le reste. Comme un enfant, chaque personnalit\u00e9 musicale doit aussi pouvoir se d\u00e9velopper. Chaque chanteur doit sentir que tout d\u00e9pend de lui \u00e0 tout instant. L\u2019esprit et le corps, la voix et la pens\u00e9e doivent vibrer en totale harmonie. Alors, tout est bien. La vraie cr\u00e9ativit\u00e9 ne vient que quand on est lib\u00e9r\u00e9 de tout.\u00bb<br \/>\n<em>Jordi Savall<\/em><\/p>\n<p>Pour ses projets, <a href=\"https:\/\/www.marenostrum-film.ch\/fr\/jordi-savall-katalonien\/\">Jordi Savall <\/a>explore inlassablement les archives des diff\u00e9rents pays d\u2019Europe, d\u2019Afrique, d\u2019Asie, mais aussi du Nouveau Monde. Il a fait des recherches dans les manus\u00adcrits occidentaux et dans la tradition orale toujours vivace de l\u2019Orient, en qu\u00eate de racines communes, de ce moment historique o\u00f9 la musique a permis aux diff\u00e9rentes cultures d\u2019utiliser la m\u00eame langue. Depuis plus de quarante ans, Jordi Savall fait conna\u00eetre au monde des \u0153uvres musicales qui risquaient de dispara\u00eetre dans l\u2019indiff\u00e9rence g\u00e9n\u00e9rale. Pour lui, la musique est l\u2019un des moyens d\u2019expression \u00adet de communication les plus universels. Dans ses concerts, elle devient un moyen pour favoriser l\u2019entente et la paix.<\/p>\n<p><a href=\"http:\/\/www.marenostrum-film.ch\/wp-content\/uploads\/2015\/06\/150611_mare_nostrum_cc4_title80.jpg\"><img loading=\"lazy\" decoding=\"async\" class=\"alignnone size-large wp-image-495\" src=\"http:\/\/www.marenostrum-film.ch\/wp-content\/uploads\/2015\/06\/150611_mare_nostrum_cc4_title80-1024x576.jpg\" alt=\"150611_mare_nostrum_cc4_title80\" width=\"1024\" height=\"576\" srcset=\"https:\/\/www.marenostrum-film.ch\/wp-content\/uploads\/2015\/06\/150611_mare_nostrum_cc4_title80-1024x576.jpg 1024w, https:\/\/www.marenostrum-film.ch\/wp-content\/uploads\/2015\/06\/150611_mare_nostrum_cc4_title80-300x169.jpg 300w, https:\/\/www.marenostrum-film.ch\/wp-content\/uploads\/2015\/06\/150611_mare_nostrum_cc4_title80.jpg 1920w\" sizes=\"auto, (max-width: 1024px) 100vw, 1024px\" \/><\/a><\/p>\n<p>&nbsp;<\/p>\n","protected":false},"excerpt":{"rendered":"<p>\u00abUn chef d\u2019orchestre est comme un p\u00e8re qui veille \u00e0 ce que ses enfants ne fassent rien de mal, mais les laisse libres pour le reste. Comme un enfant, chaque personnalit\u00e9 musicale doit aussi pouvoir se d\u00e9velopper. Chaque chanteur doit sentir que tout d\u00e9pend de lui \u00e0 tout instant. L\u2019esprit et le corps, la voix [&hellip;]<\/p>\n","protected":false},"author":2,"featured_media":0,"parent":0,"menu_order":0,"comment_status":"open","ping_status":"open","template":"","meta":{"_acf_changed":false,"footnotes":""},"class_list":["post-858","page","type-page","status-publish","hentry"],"acf":[],"_links":{"self":[{"href":"https:\/\/www.marenostrum-film.ch\/fr\/wp-json\/wp\/v2\/pages\/858","targetHints":{"allow":["GET"]}}],"collection":[{"href":"https:\/\/www.marenostrum-film.ch\/fr\/wp-json\/wp\/v2\/pages"}],"about":[{"href":"https:\/\/www.marenostrum-film.ch\/fr\/wp-json\/wp\/v2\/types\/page"}],"author":[{"embeddable":true,"href":"https:\/\/www.marenostrum-film.ch\/fr\/wp-json\/wp\/v2\/users\/2"}],"replies":[{"embeddable":true,"href":"https:\/\/www.marenostrum-film.ch\/fr\/wp-json\/wp\/v2\/comments?post=858"}],"version-history":[{"count":10,"href":"https:\/\/www.marenostrum-film.ch\/fr\/wp-json\/wp\/v2\/pages\/858\/revisions"}],"predecessor-version":[{"id":1241,"href":"https:\/\/www.marenostrum-film.ch\/fr\/wp-json\/wp\/v2\/pages\/858\/revisions\/1241"}],"wp:attachment":[{"href":"https:\/\/www.marenostrum-film.ch\/fr\/wp-json\/wp\/v2\/media?parent=858"}],"curies":[{"name":"wp","href":"https:\/\/api.w.org\/{rel}","templated":true}]}}