{"id":854,"date":"2015-06-28T18:20:03","date_gmt":"2015-06-28T16:20:03","guid":{"rendered":"http:\/\/www.marenostrum-film.ch\/?page_id=854&#038;lang=fr"},"modified":"2015-07-11T16:59:50","modified_gmt":"2015-07-11T14:59:50","slug":"backstage","status":"publish","type":"page","link":"https:\/\/www.marenostrum-film.ch\/fr\/backstage\/","title":{"rendered":"Les coulisses"},"content":{"rendered":"<p>&nbsp;<\/p>\n<p>TECHNIQUE<br \/>\nEventpartner Pro \u00a0AG, Vaduz<\/p>\n<p>RESTAURATION<br \/>\nRossana L\u00f6tscher, \u00e9quipe fabriggli, Kathrin Schertler Secli, Ivan Secli, Ramona Beck, Lia Secli<\/p>\n<p>SERVICE DE TRANSPORT<br \/>\nHansjakob Tinner, Rossana L\u00f6tscher, Thomas Keel, Noemi Guidon, Jonas Guidon, Sandro Montonato, Michael Scholtyssek, Graf Reisen<\/p>\n<p>PR\u00c9VENTE<br \/>\nTheater Lichtenstein TAK<\/p>\n<p>GRAPHISME DU PROGRAMME<br \/>\nUrs B\u00e4rlocher<\/p>\n<p>ADMINISTRATION<br \/>\nCornelia M\u00fcller Fetahi<\/p>\n<p>D\u00c9CORS<br \/>\nHansjakob Tinner, Gregor Engel<\/p>\n<p>ADMISSION et AUTRES AIDES<br \/>\nLiliane Loosli, Ferdi Loosli, Thomas Hunziker, Corsin Hunziker, Flurina J\u00f6rin, Ruben Beck, Mauro Secli, Elija Scholtyssek, Damina St\u00f6ckli, Jan Gauer, Melvin Forrer, Michael Zogg, Sarina Toldo, Aleandro Montonato, Yoshua Tapia Lopez, Philipp Gabriel, Annegret Gabriel, Annalisa Rossanese, Fabio Ravelli, Ramona Beck, Vera M\u00e4rkli, Elsbeth Keel, Claudia Novotny, Stefan Novotny, Christina Hunziker, Phil Hotchkiss, V\u00e9ronique Marchand, Ingeborg Hilty, Esther Baumann, Nicole Marxer<\/p>\n","protected":false},"excerpt":{"rendered":"<p>&nbsp; TECHNIQUE Eventpartner Pro \u00a0AG, Vaduz RESTAURATION Rossana L\u00f6tscher, \u00e9quipe fabriggli, Kathrin Schertler Secli, Ivan Secli, Ramona Beck, Lia Secli SERVICE DE TRANSPORT Hansjakob Tinner, Rossana L\u00f6tscher, Thomas Keel, Noemi Guidon, Jonas Guidon, Sandro Montonato, Michael Scholtyssek, Graf Reisen PR\u00c9VENTE Theater Lichtenstein TAK GRAPHISME DU PROGRAMME Urs B\u00e4rlocher ADMINISTRATION Cornelia M\u00fcller Fetahi D\u00c9CORS Hansjakob Tinner, [&hellip;]<\/p>\n","protected":false},"author":2,"featured_media":0,"parent":0,"menu_order":0,"comment_status":"open","ping_status":"open","template":"","meta":{"_acf_changed":false,"footnotes":""},"class_list":["post-854","page","type-page","status-publish","hentry"],"acf":[],"_links":{"self":[{"href":"https:\/\/www.marenostrum-film.ch\/fr\/wp-json\/wp\/v2\/pages\/854","targetHints":{"allow":["GET"]}}],"collection":[{"href":"https:\/\/www.marenostrum-film.ch\/fr\/wp-json\/wp\/v2\/pages"}],"about":[{"href":"https:\/\/www.marenostrum-film.ch\/fr\/wp-json\/wp\/v2\/types\/page"}],"author":[{"embeddable":true,"href":"https:\/\/www.marenostrum-film.ch\/fr\/wp-json\/wp\/v2\/users\/2"}],"replies":[{"embeddable":true,"href":"https:\/\/www.marenostrum-film.ch\/fr\/wp-json\/wp\/v2\/comments?post=854"}],"version-history":[{"count":7,"href":"https:\/\/www.marenostrum-film.ch\/fr\/wp-json\/wp\/v2\/pages\/854\/revisions"}],"predecessor-version":[{"id":1244,"href":"https:\/\/www.marenostrum-film.ch\/fr\/wp-json\/wp\/v2\/pages\/854\/revisions\/1244"}],"wp:attachment":[{"href":"https:\/\/www.marenostrum-film.ch\/fr\/wp-json\/wp\/v2\/media?parent=854"}],"curies":[{"name":"wp","href":"https:\/\/api.w.org\/{rel}","templated":true}]}}