{"id":2574,"date":"2025-07-07T14:32:20","date_gmt":"2025-07-07T12:32:20","guid":{"rendered":"https:\/\/www.marenostrum-film.ch\/?page_id=2574"},"modified":"2025-10-03T14:04:47","modified_gmt":"2025-10-03T12:04:47","slug":"pierre-hamon-france","status":"publish","type":"page","link":"https:\/\/www.marenostrum-film.ch\/fr\/pierre-hamon-france\/","title":{"rendered":"Pierre Hamon, France"},"content":{"rendered":"\n<p>Pierre Hamon est n\u00e9 en France. C&rsquo;est une enregistrement du compositeur et musicologue anglais David Munrow, qu&rsquo;il a entendu \u00e0 l&rsquo;adolescence, qui l&rsquo;a initi\u00e9 \u00e0 la musique m\u00e9di\u00e9vale. Il est devenu l&rsquo;\u00e9l\u00e8ve de Hariprasad Chaurasia, professeur de fl\u00fbte bansuri. Pierre Hamon joue principalement de la cornemuse et de diverses fl\u00fbtes, dont beaucoup qu&rsquo;il a apprises en autodidacte. Il est \u00e9galement cofondateur du groupe \u00ab Alla Francesca \u00bb. Depuis 1995, il joue r\u00e9guli\u00e8rement avec Jordi Savall dans Hesp\u00e8rion XXI.<\/p>\n\n\n\n<figure class=\"wp-block-image size-large is-resized\"><a href=\"https:\/\/www.marenostrum-film.ch\/wp-content\/uploads\/2017\/04\/Konzert10.jpg\"><img loading=\"lazy\" decoding=\"async\" width=\"1024\" height=\"576\" src=\"https:\/\/www.marenostrum-film.ch\/wp-content\/uploads\/2017\/04\/Konzert10-1024x576.jpg\" alt=\"\" class=\"wp-image-2295\" style=\"width:631px;height:auto\" srcset=\"https:\/\/www.marenostrum-film.ch\/wp-content\/uploads\/2017\/04\/Konzert10-1024x576.jpg 1024w, https:\/\/www.marenostrum-film.ch\/wp-content\/uploads\/2017\/04\/Konzert10-300x169.jpg 300w, https:\/\/www.marenostrum-film.ch\/wp-content\/uploads\/2017\/04\/Konzert10-768x432.jpg 768w, https:\/\/www.marenostrum-film.ch\/wp-content\/uploads\/2017\/04\/Konzert10.jpg 1920w\" sizes=\"auto, (max-width: 1024px) 100vw, 1024px\" \/><\/a><\/figure>\n\n\n\n<p>Cornemuse<\/p>\n\n\n\n<p>La cornemuse est un instrument \u00e0 anche dont l&rsquo;air est insuffl\u00e9 \u00e0 partir d&rsquo;un sac \u00e0 l&rsquo;aide d&rsquo;un soufflet. Les cornemuses \u00e9taient probablement d\u00e9j\u00e0 connues dans l&rsquo;Antiquit\u00e9. Depuis le Haut Moyen \u00c2ge, on les retrouve dans de nombreux pays europ\u00e9ens.<\/p>\n\n\n\n<p>Fl\u00fbte bansuri<\/p>\n\n\n\n<p>La fl\u00fbte bansuri est jou\u00e9e en Inde et au N\u00e9pal. Le mot vient du sanskrit et signifie \u00ab ban \u00bb (bambou) et \u00ab suri \u00bb (m\u00e9lodie). Elle est consid\u00e9r\u00e9e comme tr\u00e8s ancienne, car elle est l&rsquo;attribut du dieu Krishna, qui la joue au milieu d&rsquo;un cercle de berg\u00e8res et les enchante ainsi.<\/p>\n\n\n\n<figure class=\"wp-block-embed is-type-video is-provider-youtube wp-block-embed-youtube wp-embed-aspect-16-9 wp-has-aspect-ratio\"><div class=\"wp-block-embed__wrapper\">\n<iframe loading=\"lazy\" title=\"La Sexte Estampie Real ( (Jordi Savall, Mare Nostrum)\" width=\"500\" height=\"281\" src=\"https:\/\/www.youtube.com\/embed\/JQyFPleHFSU?feature=oembed\" frameborder=\"0\" allow=\"accelerometer; autoplay; clipboard-write; encrypted-media; gyroscope; picture-in-picture; web-share\" referrerpolicy=\"strict-origin-when-cross-origin\" allowfullscreen><\/iframe>\n<\/div><\/figure>\n","protected":false},"excerpt":{"rendered":"<p>Pierre Hamon est n\u00e9 en France. C&rsquo;est une enregistrement du compositeur et musicologue anglais David Munrow, qu&rsquo;il a entendu \u00e0 l&rsquo;adolescence, qui l&rsquo;a initi\u00e9 \u00e0 la musique m\u00e9di\u00e9vale. Il est devenu l&rsquo;\u00e9l\u00e8ve de Hariprasad Chaurasia, professeur de fl\u00fbte bansuri. Pierre Hamon joue principalement de la cornemuse et de diverses fl\u00fbtes, dont beaucoup qu&rsquo;il a apprises [&hellip;]<\/p>\n","protected":false},"author":2,"featured_media":0,"parent":0,"menu_order":0,"comment_status":"closed","ping_status":"closed","template":"","meta":{"_acf_changed":false,"footnotes":""},"class_list":["post-2574","page","type-page","status-publish","hentry"],"acf":[],"_links":{"self":[{"href":"https:\/\/www.marenostrum-film.ch\/fr\/wp-json\/wp\/v2\/pages\/2574","targetHints":{"allow":["GET"]}}],"collection":[{"href":"https:\/\/www.marenostrum-film.ch\/fr\/wp-json\/wp\/v2\/pages"}],"about":[{"href":"https:\/\/www.marenostrum-film.ch\/fr\/wp-json\/wp\/v2\/types\/page"}],"author":[{"embeddable":true,"href":"https:\/\/www.marenostrum-film.ch\/fr\/wp-json\/wp\/v2\/users\/2"}],"replies":[{"embeddable":true,"href":"https:\/\/www.marenostrum-film.ch\/fr\/wp-json\/wp\/v2\/comments?post=2574"}],"version-history":[{"count":2,"href":"https:\/\/www.marenostrum-film.ch\/fr\/wp-json\/wp\/v2\/pages\/2574\/revisions"}],"predecessor-version":[{"id":2701,"href":"https:\/\/www.marenostrum-film.ch\/fr\/wp-json\/wp\/v2\/pages\/2574\/revisions\/2701"}],"wp:attachment":[{"href":"https:\/\/www.marenostrum-film.ch\/fr\/wp-json\/wp\/v2\/media?parent=2574"}],"curies":[{"name":"wp","href":"https:\/\/api.w.org\/{rel}","templated":true}]}}