{"id":2531,"date":"2025-07-07T12:36:53","date_gmt":"2025-07-07T10:36:53","guid":{"rendered":"https:\/\/www.marenostrum-film.ch\/?page_id=2531"},"modified":"2025-07-07T12:36:54","modified_gmt":"2025-07-07T10:36:54","slug":"hesperion-xxi","status":"publish","type":"page","link":"https:\/\/www.marenostrum-film.ch\/fr\/hesperion-xxi\/","title":{"rendered":"Hesp\u00e8rion XXI"},"content":{"rendered":"\n<p>En 1974, Jordi Savall et Montserrat Figueras ont fond\u00e9 \u00e0 B\u00e2le, avec Lorenzo Alpert et Hopkinson Smith, Hesp\u00e8rion XX (rebaptis\u00e9 Hesp\u00e8rion XXI au d\u00e9but du nouveau mill\u00e9naire), un ensemble de musique ancienne qui se donne pour mission de pr\u00e9server et d&rsquo;enrichir le r\u00e9pertoire riche et fascinant ant\u00e9rieur au XIXe si\u00e8cle, en utilisant des crit\u00e8res historiques et des instruments d&rsquo;\u00e9poque.<\/p>\n\n\n\n<figure class=\"wp-block-image size-large is-resized\"><a href=\"https:\/\/www.marenostrum-film.ch\/wp-content\/uploads\/2015\/06\/150611_mare_nostrum_cc4_title580.jpg\"><img loading=\"lazy\" decoding=\"async\" width=\"1024\" height=\"576\" src=\"https:\/\/www.marenostrum-film.ch\/wp-content\/uploads\/2015\/06\/150611_mare_nostrum_cc4_title580-1024x576.jpg\" alt=\"\" class=\"wp-image-2193\" style=\"width:631px;height:auto\" srcset=\"https:\/\/www.marenostrum-film.ch\/wp-content\/uploads\/2015\/06\/150611_mare_nostrum_cc4_title580-1024x576.jpg 1024w, https:\/\/www.marenostrum-film.ch\/wp-content\/uploads\/2015\/06\/150611_mare_nostrum_cc4_title580-300x169.jpg 300w, https:\/\/www.marenostrum-film.ch\/wp-content\/uploads\/2015\/06\/150611_mare_nostrum_cc4_title580.jpg 1920w\" sizes=\"auto, (max-width: 1024px) 100vw, 1024px\" \/><\/a><\/figure>\n\n\n\n<p>Hesp\u00e8rion XXI est aujourd&rsquo;hui sans aucun doute une r\u00e9f\u00e9rence pour comprendre l&rsquo;\u00e9volution de la musique entre le Moyen \u00c2ge et l&rsquo;\u00e9poque baroque. Le travail de cet ensemble, qui consiste \u00e0 pr\u00e9server des \u0153uvres, des partitions, des instruments et des documents in\u00e9dits, est d&rsquo;une valeur inestimable. Le r\u00e9pertoire de Hesp\u00e8rion XXI comprend notamment des \u0153uvres s\u00e9farades, des romances castillanes, des \u0153uvres de l&rsquo;\u00e2ge d&rsquo;or espagnol et de l&rsquo;Europe des nations. La composition et la taille de l&rsquo;ensemble varient en fonction des besoins de la repr\u00e9sentation.<\/p>\n\n\n\n<p><em>\u00ab Quand avez-vous d\u00e9couvert votre amour pour cette musique ? Votre musique a-t-elle d\u00e9j\u00e0 touch\u00e9 beaucoup de gens ? Que pensez-vous lorsque vous jouez ? Que ressentez-vous lorsque vous jouez ? Que signifie la musique pour vous ? Qu&rsquo;est-ce qui vous touche dans la musique ? Combien de temps vous a-t-il fallu pour apprendre \u00e0 si bien jouer de cet instrument ? \u00c0 quoi ressemble votre quotidien ?<\/em><\/p>\n\n\n\n<p><em>O\u00f9 \u00eates-vous d\u00e9j\u00e0 all\u00e9 ? Avez-vous un autre m\u00e9tier ? Pouvez-vous vivre de la musique ?<\/em><\/p>\n\n\n\n<p><em>Comment ce groupe s&rsquo;est-il form\u00e9 ? Comment Jordi Savall a-t-il constitu\u00e9 et r\u00e9uni ce groupe ? Combien de concerts avez-vous d\u00e9j\u00e0 donn\u00e9s ? Dans combien de pays \u00eates-vous d\u00e9j\u00e0 all\u00e9 ? Que faites-vous avant un concert ? \u00cates-vous nerveux avant une repr\u00e9sentation ? Comment est-ce de voyager tout le temps ? Est-ce difficile d&rsquo;\u00eatre musicien ? Pouvez-vous jouer de votre instrument les yeux ferm\u00e9s ? Jouez-vous diff\u00e9remment lorsque le \u00ab vrai \u00bb moment arrive sur sc\u00e8ne ? D&rsquo;o\u00f9 tirez-vous votre inspiration ?<\/em><\/p>\n\n\n\n<p><em>Avez-vous un grand souhait ? Quel est votre plus grand r\u00eave ? Pouvez-vous raconter une anecdote o\u00f9 vous avez remarqu\u00e9 que votre musique avait fait oublier tous les soucis du public ? Si vous pouviez changer quelque chose sur cette terre, que serait-ce ?&#8230; \u00bb<\/em><\/p>\n","protected":false},"excerpt":{"rendered":"<p>En 1974, Jordi Savall et Montserrat Figueras ont fond\u00e9 \u00e0 B\u00e2le, avec Lorenzo Alpert et Hopkinson Smith, Hesp\u00e8rion XX (rebaptis\u00e9 Hesp\u00e8rion XXI au d\u00e9but du nouveau mill\u00e9naire), un ensemble de musique ancienne qui se donne pour mission de pr\u00e9server et d&rsquo;enrichir le r\u00e9pertoire riche et fascinant ant\u00e9rieur au XIXe si\u00e8cle, en utilisant des crit\u00e8res historiques [&hellip;]<\/p>\n","protected":false},"author":2,"featured_media":0,"parent":0,"menu_order":0,"comment_status":"closed","ping_status":"closed","template":"","meta":{"_acf_changed":false,"footnotes":""},"class_list":["post-2531","page","type-page","status-publish","hentry"],"acf":[],"_links":{"self":[{"href":"https:\/\/www.marenostrum-film.ch\/fr\/wp-json\/wp\/v2\/pages\/2531","targetHints":{"allow":["GET"]}}],"collection":[{"href":"https:\/\/www.marenostrum-film.ch\/fr\/wp-json\/wp\/v2\/pages"}],"about":[{"href":"https:\/\/www.marenostrum-film.ch\/fr\/wp-json\/wp\/v2\/types\/page"}],"author":[{"embeddable":true,"href":"https:\/\/www.marenostrum-film.ch\/fr\/wp-json\/wp\/v2\/users\/2"}],"replies":[{"embeddable":true,"href":"https:\/\/www.marenostrum-film.ch\/fr\/wp-json\/wp\/v2\/comments?post=2531"}],"version-history":[{"count":1,"href":"https:\/\/www.marenostrum-film.ch\/fr\/wp-json\/wp\/v2\/pages\/2531\/revisions"}],"predecessor-version":[{"id":2532,"href":"https:\/\/www.marenostrum-film.ch\/fr\/wp-json\/wp\/v2\/pages\/2531\/revisions\/2532"}],"wp:attachment":[{"href":"https:\/\/www.marenostrum-film.ch\/fr\/wp-json\/wp\/v2\/media?parent=2531"}],"curies":[{"name":"wp","href":"https:\/\/api.w.org\/{rel}","templated":true}]}}