{"id":2524,"date":"2025-07-06T17:17:54","date_gmt":"2025-07-06T15:17:54","guid":{"rendered":"https:\/\/www.marenostrum-film.ch\/?page_id=2524"},"modified":"2026-04-15T17:16:07","modified_gmt":"2026-04-15T15:16:07","slug":"gaguik-mouradian-armenie","status":"publish","type":"page","link":"https:\/\/www.marenostrum-film.ch\/fr\/gaguik-mouradian-armenie\/","title":{"rendered":"Gaguik Mouradian, Arm\u00e9nie"},"content":{"rendered":"\n<p>Le musicien Gaguik Mouradian est n\u00e9 en 1954 \u00e0 Erevan, en Arm\u00e9nie. Son amour pour le kamancha est n\u00e9 lorsqu&rsquo;il a vu un film sur un m\u00e9nestrel du XVIIIe si\u00e8cle. Il a \u00e9tudi\u00e9 le kamancha et la musique folklorique dans plusieurs universit\u00e9s.<\/p>\n\n\n\n<figure class=\"wp-block-image size-large is-resized\"><a href=\"https:\/\/www.marenostrum-film.ch\/wp-content\/uploads\/2017\/04\/Konzert30.jpg\"><img loading=\"lazy\" decoding=\"async\" width=\"1024\" height=\"576\" src=\"https:\/\/www.marenostrum-film.ch\/wp-content\/uploads\/2017\/04\/Konzert30-1024x576.jpg\" alt=\"\" class=\"wp-image-2299\" style=\"width:627px;height:auto\" srcset=\"https:\/\/www.marenostrum-film.ch\/wp-content\/uploads\/2017\/04\/Konzert30-1024x576.jpg 1024w, https:\/\/www.marenostrum-film.ch\/wp-content\/uploads\/2017\/04\/Konzert30-300x169.jpg 300w, https:\/\/www.marenostrum-film.ch\/wp-content\/uploads\/2017\/04\/Konzert30-768x432.jpg 768w, https:\/\/www.marenostrum-film.ch\/wp-content\/uploads\/2017\/04\/Konzert30.jpg 1920w\" sizes=\"auto, (max-width: 1024px) 100vw, 1024px\" \/><\/a><\/figure>\n\n\n\n<p>En tant que professeur de kamancha arm\u00e9nien, Gaguik Mouradian a enseign\u00e9 \u00e0 plusieurs ensembles de musique traditionnelle, notamment l&rsquo;ensemble Goussan, compos\u00e9 d&rsquo;instruments traditionnels tels que le kamancha, le tar (un luth \u00e0 long manche), le qanun (une cithare \u00e0 cordes pinc\u00e9es), le santur (une cithare dont les cordes sont frapp\u00e9es \u00e0 l&rsquo;aide de petits b\u00e2tons), le duduk (un hautbois cylindrique \u00e0 anche double), le dhol ou daf (instruments \u00e0 percussion) et un chanteur, qui peut \u00eatre un homme ou une femme. <\/p>\n\n\n\n<p class=\"has-text-color has-background has-link-color wp-elements-4ba4cd8b3ad9c889f7bac8f7ad2363a6\" style=\"color:#f3e9e9;background-color:#abb7c275;font-size:18px\">Gaguik Mouradian passed away in May 2022. We remain deeply connected to the moving sounds of his artistry on the kamancha.<\/p>\n\n\n\n<figure class=\"wp-block-embed is-type-video is-provider-youtube wp-block-embed-youtube wp-embed-aspect-9-16 wp-has-aspect-ratio\"><div class=\"wp-block-embed__wrapper\">\n<iframe loading=\"lazy\" title=\"The art of playing the kamancha\" width=\"422\" height=\"750\" src=\"https:\/\/www.youtube.com\/embed\/iNq2Z-PvvRE?feature=oembed\" frameborder=\"0\" allow=\"accelerometer; autoplay; clipboard-write; encrypted-media; gyroscope; picture-in-picture; web-share\" referrerpolicy=\"strict-origin-when-cross-origin\" allowfullscreen><\/iframe>\n<\/div><\/figure>\n\n\n\n<p>Le kamancha<\/p>\n\n\n\n<p>Le kamancha est un instrument persan import\u00e9 par les Byzantins. Il poss\u00e8de quatre cordes en acier. Cet instrument est principalement utilis\u00e9 pour jouer de la musique folklorique en Perse et dans les r\u00e9gions environnantes.<\/p>\n\n\n\n<p>Kamancha (Persian: \u06a9\u0645\u0627\u0646\u0686\u0647\u200e) is a Persian bowed string instrument related to the bowed rebab, the historical ancestor of the kamancheh and also to the bowed lira of the Byzantine Empire, ancestor of the European violin family. The strings are played with a variable-tension bow: the word \u00ab\u00a0kamancheh\u00a0\u00bb means \u00ab\u00a0little bow\u00a0\u00bb in Persian. It is widely used in the classical music of Iran, Armenia, Azerbaijan, Uzbekistan, Turkmenistan and Kurdistan Regions with slight variations in the structure of the instrument.<\/p>\n\n\n\n<p>Traditionally kamanchehs had three silk strings, but modern ones have four metal ones. Kamanchehs may have highly ornate inlays and fancy carved ivory tuning pegs. The body has a long upper neck and a lower bowl-shaped resonating chamber made from a gourd or wood, usually covered with a membrane, made from the skin of a lamb, goat or sometimes fish, on which the bridge is set.<\/p>\n\n\n\n<figure class=\"wp-block-embed is-type-video is-provider-youtube wp-block-embed-youtube wp-embed-aspect-16-9 wp-has-aspect-ratio\"><div class=\"wp-block-embed__wrapper\">\n<iframe loading=\"lazy\" title=\"Der mak\u00e3m \u0131 Uzz\u00e4l Sak\u00eel \u00abTurna\u00bb Sem\u00e2\u2019\u00ee (Jordi Savall, Mare Nostrum)\" width=\"500\" height=\"281\" src=\"https:\/\/www.youtube.com\/embed\/mYSwK-dtOFs?feature=oembed\" frameborder=\"0\" allow=\"accelerometer; autoplay; clipboard-write; encrypted-media; gyroscope; picture-in-picture; web-share\" referrerpolicy=\"strict-origin-when-cross-origin\" allowfullscreen><\/iframe>\n<\/div><\/figure>\n","protected":false},"excerpt":{"rendered":"<p>Le musicien Gaguik Mouradian est n\u00e9 en 1954 \u00e0 Erevan, en Arm\u00e9nie. Son amour pour le kamancha est n\u00e9 lorsqu&rsquo;il a vu un film sur un m\u00e9nestrel du XVIIIe si\u00e8cle. Il a \u00e9tudi\u00e9 le kamancha et la musique folklorique dans plusieurs universit\u00e9s. En tant que professeur de kamancha arm\u00e9nien, Gaguik Mouradian a enseign\u00e9 \u00e0 plusieurs [&hellip;]<\/p>\n","protected":false},"author":2,"featured_media":0,"parent":0,"menu_order":0,"comment_status":"closed","ping_status":"closed","template":"","meta":{"_acf_changed":false,"footnotes":""},"class_list":["post-2524","page","type-page","status-publish","hentry"],"acf":[],"_links":{"self":[{"href":"https:\/\/www.marenostrum-film.ch\/fr\/wp-json\/wp\/v2\/pages\/2524","targetHints":{"allow":["GET"]}}],"collection":[{"href":"https:\/\/www.marenostrum-film.ch\/fr\/wp-json\/wp\/v2\/pages"}],"about":[{"href":"https:\/\/www.marenostrum-film.ch\/fr\/wp-json\/wp\/v2\/types\/page"}],"author":[{"embeddable":true,"href":"https:\/\/www.marenostrum-film.ch\/fr\/wp-json\/wp\/v2\/users\/2"}],"replies":[{"embeddable":true,"href":"https:\/\/www.marenostrum-film.ch\/fr\/wp-json\/wp\/v2\/comments?post=2524"}],"version-history":[{"count":5,"href":"https:\/\/www.marenostrum-film.ch\/fr\/wp-json\/wp\/v2\/pages\/2524\/revisions"}],"predecessor-version":[{"id":2768,"href":"https:\/\/www.marenostrum-film.ch\/fr\/wp-json\/wp\/v2\/pages\/2524\/revisions\/2768"}],"wp:attachment":[{"href":"https:\/\/www.marenostrum-film.ch\/fr\/wp-json\/wp\/v2\/media?parent=2524"}],"curies":[{"name":"wp","href":"https:\/\/api.w.org\/{rel}","templated":true}]}}