{"id":1745,"date":"2017-04-26T09:37:24","date_gmt":"2017-04-26T07:37:24","guid":{"rendered":"http:\/\/www.marenostrum-film.ch\/fr\/?page_id=1745"},"modified":"2025-10-01T12:56:45","modified_gmt":"2025-10-01T10:56:45","slug":"erez-shmuel-mounk-israel","status":"publish","type":"page","link":"https:\/\/www.marenostrum-film.ch\/fr\/erez-shmuel-mounk-israel\/","title":{"rendered":"Erez Shmuel Mounk, Israel"},"content":{"rendered":"<p>Expert en percussions. Sp\u00e9cialiste du tabla indien et des percussions du Moyen-Orient telles que : le darbouka, le daf et divers tambours sur cadre. Erez Shmuel Mounk enregistre et se produit avec de nombreux musiciens isra\u00e9liens de renom aux styles vari\u00e9s (Yair Dalal, Shlomo Grounich, Yasmin Levi, Masina et Ahod Banai, ainsi que le maestro Gyora Findman) et joue et enregistre \u00e9galement avec de nombreux musiciens en Europe, aux \u00c9tats-Unis et au Japon. Erez Shmuel Mounk participe \u00e0 de nombreux festivals \u00e0 travers le monde et donne des concerts avec le maestro Jordi Savall.<\/p>\n<p><a href=\"http:\/\/www.marenostrum-film.ch\/wp-content\/uploads\/2017\/04\/MN-Gaguik-Mouradian-010.jpg\"><img loading=\"lazy\" decoding=\"async\" class=\"alignnone wp-image-1640\" src=\"http:\/\/www.marenostrum-film.ch\/wp-content\/uploads\/2017\/04\/MN-Gaguik-Mouradian-010-300x169.jpg\" alt=\"MN Gaguik Mouradian 010\" width=\"369\" height=\"208\" srcset=\"https:\/\/www.marenostrum-film.ch\/wp-content\/uploads\/2017\/04\/MN-Gaguik-Mouradian-010-300x169.jpg 300w, https:\/\/www.marenostrum-film.ch\/wp-content\/uploads\/2017\/04\/MN-Gaguik-Mouradian-010-768x432.jpg 768w, https:\/\/www.marenostrum-film.ch\/wp-content\/uploads\/2017\/04\/MN-Gaguik-Mouradian-010-1024x576.jpg 1024w, https:\/\/www.marenostrum-film.ch\/wp-content\/uploads\/2017\/04\/MN-Gaguik-Mouradian-010.jpg 1920w\" sizes=\"auto, (max-width: 369px) 100vw, 369px\" \/><\/a><\/p>\n<p>Tabla<br \/>\nLa tabla (de l&rsquo;arabe tabl, \u00ab tambour \u00bb) est un instrument \u00e0 percussion utilis\u00e9 dans la musique du nord de l&rsquo;Inde. Elle se compose de deux petits tambours dont les peaux sont orn\u00e9es d&rsquo;un \u0153il circulaire caract\u00e9ristique et qui se jouent avec les doigts des deux mains. Pour un instrument \u00e0 percussion, elle dispose d&rsquo;un large spectre sonore. Depuis les ann\u00e9es 1960, il est \u00e9galement utilis\u00e9 dans la pop et le jazz occidentaux en raison de sa sonorit\u00e9.<\/p>\n<p>Daf<br \/>\nLe daf est un tambour sur cadre principalement jou\u00e9 en Perse (dans l&rsquo;Iran actuel et certaines r\u00e9gions de Turquie, d&rsquo;Afghanistan, d&rsquo;Irak, d&rsquo;Azerba\u00efdjan, d&rsquo;Ouzb\u00e9kistan et du Tadjikistan). De construction l\u00e9g\u00e8re, il peut \u00eatre jou\u00e9 \u00e0 la main. Il s&rsquo;agit d&rsquo;un tambour c\u00e9r\u00e9moniel important pour les soufis islamiques de la r\u00e9gion perse. Des anneaux m\u00e9talliques sont fix\u00e9s au cadre de 6 cm de large, ce qui conf\u00e8re \u00e0 l&rsquo;instrument un son tr\u00e8s particulier. Le daf est recouvert d&rsquo;une peau de ch\u00e8vre ou d&rsquo;agneau et a g\u00e9n\u00e9ralement un diam\u00e8tre de 50 \u00e0 60 cm. Il est traditionnellement fabriqu\u00e9 \u00e0 partir d&rsquo;un morceau de bois courb\u00e9.<\/p>\n","protected":false},"excerpt":{"rendered":"<p>Expert en percussions. Sp\u00e9cialiste du tabla indien et des percussions du Moyen-Orient telles que : le darbouka, le daf et divers tambours sur cadre. Erez Shmuel Mounk enregistre et se produit avec de nombreux musiciens isra\u00e9liens de renom aux styles vari\u00e9s (Yair Dalal, Shlomo Grounich, Yasmin Levi, Masina et Ahod Banai, ainsi que le maestro [&hellip;]<\/p>\n","protected":false},"author":2,"featured_media":0,"parent":0,"menu_order":0,"comment_status":"closed","ping_status":"closed","template":"","meta":{"_acf_changed":false,"footnotes":""},"class_list":["post-1745","page","type-page","status-publish","hentry"],"acf":[],"_links":{"self":[{"href":"https:\/\/www.marenostrum-film.ch\/fr\/wp-json\/wp\/v2\/pages\/1745","targetHints":{"allow":["GET"]}}],"collection":[{"href":"https:\/\/www.marenostrum-film.ch\/fr\/wp-json\/wp\/v2\/pages"}],"about":[{"href":"https:\/\/www.marenostrum-film.ch\/fr\/wp-json\/wp\/v2\/types\/page"}],"author":[{"embeddable":true,"href":"https:\/\/www.marenostrum-film.ch\/fr\/wp-json\/wp\/v2\/users\/2"}],"replies":[{"embeddable":true,"href":"https:\/\/www.marenostrum-film.ch\/fr\/wp-json\/wp\/v2\/comments?post=1745"}],"version-history":[{"count":6,"href":"https:\/\/www.marenostrum-film.ch\/fr\/wp-json\/wp\/v2\/pages\/1745\/revisions"}],"predecessor-version":[{"id":2645,"href":"https:\/\/www.marenostrum-film.ch\/fr\/wp-json\/wp\/v2\/pages\/1745\/revisions\/2645"}],"wp:attachment":[{"href":"https:\/\/www.marenostrum-film.ch\/fr\/wp-json\/wp\/v2\/media?parent=1745"}],"curies":[{"name":"wp","href":"https:\/\/api.w.org\/{rel}","templated":true}]}}