{"id":1333,"date":"2016-03-01T17:08:53","date_gmt":"2016-03-01T16:08:53","guid":{"rendered":"http:\/\/www.marenostrum-film.ch\/fr\/?page_id=1333"},"modified":"2025-07-02T05:36:23","modified_gmt":"2025-07-02T03:36:23","slug":"distribution","status":"publish","type":"page","link":"https:\/\/www.marenostrum-film.ch\/fr\/distribution\/","title":{"rendered":"VOD"},"content":{"rendered":"<p>Le film peut \u00eatre visionn\u00e9 sur\u00a0<a href=\"https:\/\/www.youtube.com\/channel\/UCWYX1exe-Jv6JXpfq6CzHCg\" target=\"_blank\" rel=\"noopener\"><strong>YouTube<\/strong><\/a><\/p>\n<p><strong>Commande<\/strong><br \/>\nVous pouvez commander le DVD\u00a0ici: <a href=\"info@marenostrum-film.ch\" target=\"_blank\" rel=\"noopener\">info@marenostrum-film.ch<\/a><br \/>\nou dans un magasin sp\u00e9cialis\u00e9: <a href=\"https:\/\/www.cede.ch\/de\/movies\/?view=detail&amp;branch_sub=0&amp;id=15925829&amp;branch=2\" target=\"_blank\" rel=\"noopener\">cede.ch<\/a><\/p>\n<p>Euro\u00a018.00 \/ CHF 20.00<\/p>\n<p>Version original\u00a0: allemand \/ sous-titres allemand<br \/>\nSous-titres suppl\u00e9mentaire<em>\u00a0: <\/em>fran\u00e7ais, anglais, grec, turc, arm\u00e9nien, h\u00e9breu, italien, espagnol, catalan, arabe (les langues natale de tous les musiciens)<\/p>\n<p><a href=\"http:\/\/www.marenostrum-film.ch\/wp-content\/uploads\/2016\/02\/Cover_DVD.jpg\"><img loading=\"lazy\" decoding=\"async\" class=\"alignnone size-medium wp-image-1557\" src=\"http:\/\/www.marenostrum-film.ch\/wp-content\/uploads\/2016\/02\/Cover_DVD-300x189.jpg\" alt=\"Cover_DVD\" width=\"300\" height=\"189\" srcset=\"https:\/\/www.marenostrum-film.ch\/wp-content\/uploads\/2016\/02\/Cover_DVD-300x189.jpg 300w, https:\/\/www.marenostrum-film.ch\/wp-content\/uploads\/2016\/02\/Cover_DVD-768x485.jpg 768w, https:\/\/www.marenostrum-film.ch\/wp-content\/uploads\/2016\/02\/Cover_DVD-1024x647.jpg 1024w, https:\/\/www.marenostrum-film.ch\/wp-content\/uploads\/2016\/02\/Cover_DVD.jpg 1197w\" sizes=\"auto, (max-width: 300px) 100vw, 300px\" \/><\/a><\/p>\n<p><a href=\"http:\/\/www.marenostrum-film.ch\/wp-content\/uploads\/2016\/02\/Mare-Nostrum-Press-Booklet.pdf\">Mare Nostrum Press Booklet<\/a><\/p>\n<p><strong>Distribution<\/strong><br \/>\nSi vous avez des questions, n&rsquo;h\u00e9sitez pas de contacter notre \u00e9quipe\u00a0:<br \/>\n<a href=\"mailto:contact@trailblazing.ch\" target=\"_blank\" rel=\"noopener\">contact@trailblazing.ch<\/a><br \/>\nou<br \/>\n<a href=\"mailto:info@scuolavivante.ch\">\u00a0<\/a><a href=\"mailto:veronika.mueller@marenostrum-film.ch\" target=\"_blank\" rel=\"noopener\">veronika.mueller@marenostrum-film.ch <\/a><\/p>\n<p><em>Screening format<\/em><br \/>\nDCP (cin\u00e9ma)<br \/>\nDVD<\/p>\n","protected":false},"excerpt":{"rendered":"<p>Le film peut \u00eatre visionn\u00e9 sur\u00a0YouTube Commande Vous pouvez commander le DVD\u00a0ici: info@marenostrum-film.ch ou dans un magasin sp\u00e9cialis\u00e9: cede.ch Euro\u00a018.00 \/ CHF 20.00 Version original\u00a0: allemand \/ sous-titres allemand Sous-titres suppl\u00e9mentaire\u00a0: fran\u00e7ais, anglais, grec, turc, arm\u00e9nien, h\u00e9breu, italien, espagnol, catalan, arabe (les langues natale de tous les musiciens) Mare Nostrum Press Booklet Distribution Si vous [&hellip;]<\/p>\n","protected":false},"author":2,"featured_media":0,"parent":0,"menu_order":0,"comment_status":"closed","ping_status":"closed","template":"","meta":{"_acf_changed":false,"footnotes":""},"class_list":["post-1333","page","type-page","status-publish","hentry"],"acf":[],"_links":{"self":[{"href":"https:\/\/www.marenostrum-film.ch\/fr\/wp-json\/wp\/v2\/pages\/1333","targetHints":{"allow":["GET"]}}],"collection":[{"href":"https:\/\/www.marenostrum-film.ch\/fr\/wp-json\/wp\/v2\/pages"}],"about":[{"href":"https:\/\/www.marenostrum-film.ch\/fr\/wp-json\/wp\/v2\/types\/page"}],"author":[{"embeddable":true,"href":"https:\/\/www.marenostrum-film.ch\/fr\/wp-json\/wp\/v2\/users\/2"}],"replies":[{"embeddable":true,"href":"https:\/\/www.marenostrum-film.ch\/fr\/wp-json\/wp\/v2\/comments?post=1333"}],"version-history":[{"count":21,"href":"https:\/\/www.marenostrum-film.ch\/fr\/wp-json\/wp\/v2\/pages\/1333\/revisions"}],"predecessor-version":[{"id":2365,"href":"https:\/\/www.marenostrum-film.ch\/fr\/wp-json\/wp\/v2\/pages\/1333\/revisions\/2365"}],"wp:attachment":[{"href":"https:\/\/www.marenostrum-film.ch\/fr\/wp-json\/wp\/v2\/media?parent=1333"}],"curies":[{"name":"wp","href":"https:\/\/api.w.org\/{rel}","templated":true}]}}