{"id":1158,"date":"2015-07-08T04:50:16","date_gmt":"2015-07-08T02:50:16","guid":{"rendered":"http:\/\/www.marenostrum-film.ch\/fr\/?page_id=1158"},"modified":"2026-02-02T16:18:12","modified_gmt":"2026-02-02T15:18:12","slug":"kontakt","status":"publish","type":"page","link":"https:\/\/www.marenostrum-film.ch\/fr\/kontakt\/","title":{"rendered":"Contact"},"content":{"rendered":"\n<p>trailblazing GmbH<br>Vivante Productions<br>N\u00ecka Fer\u00e9<br>Hauptstrasse 41<br>CH &#8211; 9477 Tr\u00fcbbach SG<br><a href=\"mailto:contact@trailblazing.ch\" target=\"_blank\" rel=\"noopener\">contact@trailblazing.ch<\/a><\/p>\n\n\n\n<div class=\"wp-block-group is-vertical is-layout-flex wp-container-core-group-is-layout-8cf370e7 wp-block-group-is-layout-flex\">\n<p><strong>Les initiateurs<\/strong><\/p>\n\n\n\n<figure class=\"wp-block-image size-medium\"><a href=\"https:\/\/www.marenostrum-film.ch\/wp-content\/uploads\/2026\/02\/vm_jm.jpg\"><img loading=\"lazy\" decoding=\"async\" width=\"300\" height=\"261\" src=\"https:\/\/www.marenostrum-film.ch\/wp-content\/uploads\/2026\/02\/vm_jm-300x261.jpg\" alt=\"\" class=\"wp-image-2727\" srcset=\"https:\/\/www.marenostrum-film.ch\/wp-content\/uploads\/2026\/02\/vm_jm-300x261.jpg 300w, https:\/\/www.marenostrum-film.ch\/wp-content\/uploads\/2026\/02\/vm_jm-1024x892.jpg 1024w, https:\/\/www.marenostrum-film.ch\/wp-content\/uploads\/2026\/02\/vm_jm-768x669.jpg 768w, https:\/\/www.marenostrum-film.ch\/wp-content\/uploads\/2026\/02\/vm_jm.jpg 1237w\" sizes=\"auto, (max-width: 300px) 100vw, 300px\" \/><\/a><\/figure>\n\n\n\n<p>Depuis 40 ans, nous combinons voyages, \u00e9ducation, nature et culture et avons lanc\u00e9 divers projets. L&rsquo;un d&rsquo;entre eux est la r\u00e9alisation du film \u00ab Mare Nostrum &#8211; Un concert. Un voyage. \u00bb<\/p>\n\n\n\n<p><strong><em>En route<\/em><\/strong><br>Le voyage a toujours \u00e9t\u00e9 un \u00e9l\u00e9ment central de notre travail. Il est \u00e0 la base de l&rsquo;apprentissage, de la mise en r\u00e9seau, de la rencontre et du d\u00e9veloppement du monde int\u00e9rieur et ext\u00e9rieur.<\/p>\n\n\n\n<p>Laisser derri\u00e8re soi ce qui est connu et familier ; partir \u00e0 la d\u00e9couverte de nouveaux mondes inconnus.<br>Les plus belles choses et les projets les plus durables ont vu le jour pendant nos voyages, dans l&rsquo;impr\u00e9visible et l&rsquo;impr\u00e9vu.<\/p>\n\n\n\n<p>Depuis 2020, apr\u00e8s de longues ann\u00e9es pass\u00e9es fid\u00e8les au projet \u00e9ducatif Scuola Vivante, nous voyageons \u00e0 travers l&rsquo;Europe en tant que nomades num\u00e9riques, conteurs, cin\u00e9astes et photographes. Nous nous int\u00e9ressons \u00e0 ce qui est nouveau, audacieux, novateur, porteur d&rsquo;espoir \u2013 tant dans les grands projets que dans les petits d\u00e9tails insignifiants \u2013, \u00e0 ce qui se trouve hors des sentiers battus, \u00e0 l&rsquo;essence m\u00eame des choses.<\/p>\n\n\n\n<p>Sur la<a href=\"https:\/\/www.youtube.com\/channel\/UCWYX1exe-Jv6JXpfq6CzHCg\" target=\"_blank\" rel=\"noreferrer noopener\"> cha\u00eene YouTube \u00ab feeling of hope \u00bb<\/a>, vous pouvez d\u00e9couvrir le projet Mare Nostrum dans son ensemble et, \u00e0 partir du printemps 2026, suivre les prochaines \u00e9tapes du voyage.<\/p>\n\n\n\n<p>J\u00fcrg M\u00e4der, N\u00ecka Fer\u00e9<br><a href=\"http:\/\/trailblazing.ch\/\">trailblazing.ch<\/a><\/p>\n<\/div>\n\n\n\n<p>Merci beaucoup pour l&rsquo;appr\u00e9ciation de notre travail.<br>Soutien&nbsp;<a href=\"https:\/\/www.paypal.com\/donate?hosted_button_id=UBJJVM9NF3Y64\" target=\"_blank\" rel=\"noreferrer noopener\">Paypal<\/a><\/p>\n\n\n\n<p><strong>Commande du DVD<\/strong><br>Le DVD est disponible sur :&nbsp;<a href=\"mailto:contact@trailblazing.ch\" target=\"_blank\" rel=\"noreferrer noopener\">contact@trailblazing.ch<\/a><br>ou dans les magasins sp\u00e9cialis\u00e9s&nbsp;<a href=\"https:\/\/www.cede.ch\/de\/movies\/?view=detail&amp;branch_sub=0&amp;id=15329229&amp;branch=2\" target=\"_blank\" rel=\"noreferrer noopener\">cede.ch<\/a><br>Co\u00fbt :&nbsp;<em>20 CHF \/ 18 euros<\/em><\/p>\n\n\n\n<figure class=\"wp-block-image size-large is-resized\"><a href=\"https:\/\/www.marenostrum-film.ch\/wp-content\/uploads\/2016\/02\/Cover_DVD.jpg\"><img loading=\"lazy\" decoding=\"async\" width=\"1024\" height=\"647\" src=\"https:\/\/www.marenostrum-film.ch\/wp-content\/uploads\/2016\/02\/Cover_DVD-1024x647.jpg\" alt=\"\" class=\"wp-image-2265\" style=\"width:413px;height:auto\" srcset=\"https:\/\/www.marenostrum-film.ch\/wp-content\/uploads\/2016\/02\/Cover_DVD-1024x647.jpg 1024w, https:\/\/www.marenostrum-film.ch\/wp-content\/uploads\/2016\/02\/Cover_DVD-300x189.jpg 300w, https:\/\/www.marenostrum-film.ch\/wp-content\/uploads\/2016\/02\/Cover_DVD-768x485.jpg 768w, https:\/\/www.marenostrum-film.ch\/wp-content\/uploads\/2016\/02\/Cover_DVD.jpg 1197w\" sizes=\"auto, (max-width: 1024px) 100vw, 1024px\" \/><\/a><\/figure>\n\n\n\n<p>Version originale en allemand et sous-titres en allemand<br>Autres sous-titres<em>&nbsp;:&nbsp;<\/em>anglais, fran\u00e7ais, arabe, h\u00e9breu, grec, turc, arm\u00e9nien, italien, espagnol, catalan (toutes les langues maternelles des musiciens participant au concert)<\/p>\n\n\n\n<p><strong>Distribution<\/strong><br>Pour toute question concernant les droits de diffusion ou les formats de projection, n&rsquo;h\u00e9sitez pas \u00e0 nous contacter.<br>(DCP disponible pour les projections en salle)<\/p>\n\n\n\n<p>Le film peut \u00eatre visionn\u00e9 sur&nbsp;<a href=\"https:\/\/www.youtube.com\/channel\/UCWYX1exe-Jv6JXpfq6CzHCg\" target=\"_blank\" rel=\"noreferrer noopener\">YouTube<\/a>.<\/p>\n\n\n\n<p><a href=\"https:\/\/www.marenostrum-film.ch\/wp-content\/uploads\/2025\/07\/Mare-Nostrum-Press-Booklet-fr.pdf\" target=\"_blank\" rel=\"noreferrer noopener\">Mare Nostrum dossier de presse<\/a> (PDF)<\/p>\n\n\n\n<figure class=\"wp-block-image\"><a href=\"http:\/\/www.marenostrum-film.ch\/wp-content\/uploads\/2015\/06\/150611_mare_nostrum_cc4_title760.jpg\"><img loading=\"lazy\" decoding=\"async\" width=\"1024\" height=\"576\" src=\"http:\/\/www.marenostrum-film.ch\/wp-content\/uploads\/2015\/06\/150611_mare_nostrum_cc4_title760-1024x576.jpg\" alt=\"150611_mare_nostrum_cc4_title760\" class=\"wp-image-678\" srcset=\"https:\/\/www.marenostrum-film.ch\/wp-content\/uploads\/2015\/06\/150611_mare_nostrum_cc4_title760-1024x576.jpg 1024w, https:\/\/www.marenostrum-film.ch\/wp-content\/uploads\/2015\/06\/150611_mare_nostrum_cc4_title760-300x169.jpg 300w, https:\/\/www.marenostrum-film.ch\/wp-content\/uploads\/2015\/06\/150611_mare_nostrum_cc4_title760.jpg 1920w\" sizes=\"auto, (max-width: 1024px) 100vw, 1024px\" \/><\/a><\/figure>\n\n\n\n<p>CH-Buchs SG, Mai 2016 \/ Juillet 2025<\/p>\n\n\n\n<p>&nbsp;<\/p>\n\n\n\n<p>&nbsp;<\/p>\n\n\n\n<p>&nbsp;<\/p>\n\n\n\n<p>&nbsp;<\/p>\n\n\n\n<p>&nbsp;<\/p>\n\n\n\n<p>&nbsp;<\/p>\n\n\n\n<p>&nbsp;<\/p>\n\n\n\n<p>&nbsp;<\/p>\n\n\n\n<p>&nbsp;<\/p>\n\n\n\n<p>&nbsp;<\/p>\n\n\n\n<p>&nbsp;<\/p>\n","protected":false},"excerpt":{"rendered":"<p>trailblazing GmbHVivante ProductionsN\u00ecka Fer\u00e9Hauptstrasse 41CH &#8211; 9477 Tr\u00fcbbach SGcontact@trailblazing.ch Les initiateurs Depuis 40 ans, nous combinons voyages, \u00e9ducation, nature et culture et avons lanc\u00e9 divers projets. L&rsquo;un d&rsquo;entre eux est la r\u00e9alisation du film \u00ab Mare Nostrum &#8211; Un concert. Un voyage. \u00bb En routeLe voyage a toujours \u00e9t\u00e9 un \u00e9l\u00e9ment central de notre travail. [&hellip;]<\/p>\n","protected":false},"author":2,"featured_media":0,"parent":0,"menu_order":0,"comment_status":"open","ping_status":"open","template":"","meta":{"_acf_changed":false,"footnotes":""},"class_list":["post-1158","page","type-page","status-publish","hentry"],"acf":[],"_links":{"self":[{"href":"https:\/\/www.marenostrum-film.ch\/fr\/wp-json\/wp\/v2\/pages\/1158","targetHints":{"allow":["GET"]}}],"collection":[{"href":"https:\/\/www.marenostrum-film.ch\/fr\/wp-json\/wp\/v2\/pages"}],"about":[{"href":"https:\/\/www.marenostrum-film.ch\/fr\/wp-json\/wp\/v2\/types\/page"}],"author":[{"embeddable":true,"href":"https:\/\/www.marenostrum-film.ch\/fr\/wp-json\/wp\/v2\/users\/2"}],"replies":[{"embeddable":true,"href":"https:\/\/www.marenostrum-film.ch\/fr\/wp-json\/wp\/v2\/comments?post=1158"}],"version-history":[{"count":28,"href":"https:\/\/www.marenostrum-film.ch\/fr\/wp-json\/wp\/v2\/pages\/1158\/revisions"}],"predecessor-version":[{"id":2738,"href":"https:\/\/www.marenostrum-film.ch\/fr\/wp-json\/wp\/v2\/pages\/1158\/revisions\/2738"}],"wp:attachment":[{"href":"https:\/\/www.marenostrum-film.ch\/fr\/wp-json\/wp\/v2\/media?parent=1158"}],"curies":[{"name":"wp","href":"https:\/\/api.w.org\/{rel}","templated":true}]}}