{"id":834,"date":"2015-06-28T14:36:28","date_gmt":"2015-06-28T12:36:28","guid":{"rendered":"http:\/\/www.marenostrum-film.ch\/?page_id=834&#038;lang=en"},"modified":"2015-12-10T20:34:53","modified_gmt":"2015-12-10T19:34:53","slug":"protagonisten","status":"publish","type":"page","link":"https:\/\/www.marenostrum-film.ch\/en\/protagonisten\/","title":{"rendered":"Protagonists"},"content":{"rendered":"<p>&nbsp;<\/p>\n<p><span style=\"color: #333333; font-family: 'Georgia',serif;\">\u00a0<\/span><\/p>\n<p><a href=\"https:\/\/www.marenostrum-film.ch\/en\/jordi-savall-katalonien\/\">Jordi Savall<\/a>, Catalonia<\/p>\n<p><a href=\"https:\/\/www.marenostrum-film.ch\/en\/aikaterini-papadopoulou-greece\/\">Aikaterini Papadopoulou<\/a>, Greece<\/p>\n<p><a href=\"https:\/\/www.marenostrum-film.ch\/en\/michael-grebil-frankreich\/\">Micha\u00ebl Gr\u00e9bil<\/a>, France<\/p>\n<p><a href=\"https:\/\/www.marenostrum-film.ch\/en\/pedro-estevan-spanien\/\">Pedro Estevan<\/a>, Spain<\/p>\n<p><a href=\"https:\/\/www.marenostrum-film.ch\/en\/dimitri-psonis-greece\/\">Dimitri Psonis<\/a>, Greece<\/p>\n<p><a href=\"https:\/\/www.marenostrum-film.ch\/en\/andrew-lawrence%c2%ad-king-england\/\">Andrew Lawrence-King<\/a>, England<\/p>\n<p><a href=\"https:\/\/www.marenostrum-film.ch\/en\/haig-sarikouyoumdjian-armenien\/\">Ha\u00efg Sarikouyoumdjian<\/a>, Armenia<\/p>\n<p><a href=\"https:\/\/www.marenostrum-film.ch\/en\/yair-dalal-israel\/\">Yair Dalal<\/a>, Israel<\/p>\n<p><a href=\"https:\/\/www.marenostrum-film.ch\/en\/guersoy-dincer-tuerkei\/\">G\u00fcrsoy Din\u00e7er<\/a>, Turkey<\/p>\n<p><a href=\"https:\/\/www.marenostrum-film.ch\/en\/yurdal-tokcan-tuerkei\/\">Yurdal Tokcan<\/a>, Turkey<\/p>\n<p><a href=\"https:\/\/www.marenostrum-film.ch\/en\/hakan-guengoer-tuerkei\/\">Hakan G\u00fcng\u00f6r<\/a>, Turkey<\/p>\n<p>&nbsp;<\/p>\n<p>&nbsp;<\/p>\n<p>&nbsp;<\/p>\n<p>&nbsp;<\/p>\n<p>&nbsp;<\/p>\n","protected":false},"excerpt":{"rendered":"<p>&nbsp; \u00a0 Jordi Savall, Catalonia Aikaterini Papadopoulou, Greece Micha\u00ebl Gr\u00e9bil, France Pedro Estevan, Spain Dimitri Psonis, Greece Andrew Lawrence-King, England Ha\u00efg Sarikouyoumdjian, Armenia Yair Dalal, Israel G\u00fcrsoy Din\u00e7er, Turkey Yurdal Tokcan, Turkey Hakan G\u00fcng\u00f6r, Turkey &nbsp; &nbsp; &nbsp; &nbsp; &nbsp;<\/p>\n","protected":false},"author":2,"featured_media":0,"parent":0,"menu_order":0,"comment_status":"open","ping_status":"open","template":"","meta":{"_acf_changed":false,"footnotes":""},"class_list":["post-834","page","type-page","status-publish","hentry"],"acf":[],"_links":{"self":[{"href":"https:\/\/www.marenostrum-film.ch\/en\/wp-json\/wp\/v2\/pages\/834","targetHints":{"allow":["GET"]}}],"collection":[{"href":"https:\/\/www.marenostrum-film.ch\/en\/wp-json\/wp\/v2\/pages"}],"about":[{"href":"https:\/\/www.marenostrum-film.ch\/en\/wp-json\/wp\/v2\/types\/page"}],"author":[{"embeddable":true,"href":"https:\/\/www.marenostrum-film.ch\/en\/wp-json\/wp\/v2\/users\/2"}],"replies":[{"embeddable":true,"href":"https:\/\/www.marenostrum-film.ch\/en\/wp-json\/wp\/v2\/comments?post=834"}],"version-history":[{"count":5,"href":"https:\/\/www.marenostrum-film.ch\/en\/wp-json\/wp\/v2\/pages\/834\/revisions"}],"predecessor-version":[{"id":1299,"href":"https:\/\/www.marenostrum-film.ch\/en\/wp-json\/wp\/v2\/pages\/834\/revisions\/1299"}],"wp:attachment":[{"href":"https:\/\/www.marenostrum-film.ch\/en\/wp-json\/wp\/v2\/media?parent=834"}],"curies":[{"name":"wp","href":"https:\/\/api.w.org\/{rel}","templated":true}]}}