{"id":808,"date":"2015-06-28T14:09:54","date_gmt":"2015-06-28T12:09:54","guid":{"rendered":"http:\/\/www.marenostrum-film.ch\/?page_id=808&#038;lang=en"},"modified":"2015-07-08T04:01:02","modified_gmt":"2015-07-08T02:01:02","slug":"filmcrew","status":"publish","type":"page","link":"https:\/\/www.marenostrum-film.ch\/en\/filmcrew\/","title":{"rendered":"Film crew"},"content":{"rendered":"<p>&nbsp;<\/p>\n<p>DIRECTION<br \/>\nMichelle Brun and Stefan Haupt<\/p>\n<p>CAMERA (CONCERT)<br \/>\nCarlotta Holy-Steinemann, Tobias Dengler, Georges Gachot<\/p>\n<p>CAMERA ASSISTANT<br \/>\nDominik B\u00fchler<\/p>\n<p>CAMERA (MOROCCO JOURNEY)<br \/>\nSina Loop, Dominik B\u00fchler, Lia Secli, Veronika M\u00fcller M\u00e4der<\/p>\n<p>SOUND (CONCERT)<br \/>\nMarco Teufen<\/p>\n<p>SOUND ASSISTANT<br \/>\nTobias Keel<\/p>\n<p>SOUND (MOROCCO JOURNEY)<br \/>\nTobias Keel, J\u00fcrg M\u00e4der<\/p>\n<p>MANAGEMENT OF MUSICIAN INTERVIEWS<br \/>\nStefan Haupt, Georges Gachot<\/p>\n<p>A PRODUCTION by Vivante Productions<br \/>\nPRODUCERS\u00a0Veronika M\u00fcller M\u00e4der, J\u00fcrg M\u00e4der<\/p>\n<p>&nbsp;<\/p>\n<p>&nbsp;<\/p>\n<p>&nbsp;<\/p>\n<p>&nbsp;<\/p>\n<p>&nbsp;<\/p>\n<p>&nbsp;<\/p>\n","protected":false},"excerpt":{"rendered":"<p>&nbsp; DIRECTION Michelle Brun and Stefan Haupt CAMERA (CONCERT) Carlotta Holy-Steinemann, Tobias Dengler, Georges Gachot CAMERA ASSISTANT Dominik B\u00fchler CAMERA (MOROCCO JOURNEY) Sina Loop, Dominik B\u00fchler, Lia Secli, Veronika M\u00fcller M\u00e4der SOUND (CONCERT) Marco Teufen SOUND ASSISTANT Tobias Keel SOUND (MOROCCO JOURNEY) Tobias Keel, J\u00fcrg M\u00e4der MANAGEMENT OF MUSICIAN INTERVIEWS Stefan Haupt, Georges Gachot A [&hellip;]<\/p>\n","protected":false},"author":2,"featured_media":0,"parent":0,"menu_order":0,"comment_status":"open","ping_status":"open","template":"","meta":{"_acf_changed":false,"footnotes":""},"class_list":["post-808","page","type-page","status-publish","hentry"],"acf":[],"_links":{"self":[{"href":"https:\/\/www.marenostrum-film.ch\/en\/wp-json\/wp\/v2\/pages\/808","targetHints":{"allow":["GET"]}}],"collection":[{"href":"https:\/\/www.marenostrum-film.ch\/en\/wp-json\/wp\/v2\/pages"}],"about":[{"href":"https:\/\/www.marenostrum-film.ch\/en\/wp-json\/wp\/v2\/types\/page"}],"author":[{"embeddable":true,"href":"https:\/\/www.marenostrum-film.ch\/en\/wp-json\/wp\/v2\/users\/2"}],"replies":[{"embeddable":true,"href":"https:\/\/www.marenostrum-film.ch\/en\/wp-json\/wp\/v2\/comments?post=808"}],"version-history":[{"count":5,"href":"https:\/\/www.marenostrum-film.ch\/en\/wp-json\/wp\/v2\/pages\/808\/revisions"}],"predecessor-version":[{"id":1138,"href":"https:\/\/www.marenostrum-film.ch\/en\/wp-json\/wp\/v2\/pages\/808\/revisions\/1138"}],"wp:attachment":[{"href":"https:\/\/www.marenostrum-film.ch\/en\/wp-json\/wp\/v2\/media?parent=808"}],"curies":[{"name":"wp","href":"https:\/\/api.w.org\/{rel}","templated":true}]}}