{"id":2490,"date":"2025-07-05T14:01:56","date_gmt":"2025-07-05T12:01:56","guid":{"rendered":"https:\/\/www.marenostrum-film.ch\/?page_id=2490"},"modified":"2025-10-03T13:59:15","modified_gmt":"2025-10-03T11:59:15","slug":"lluis-vilamajo-katalonien","status":"publish","type":"page","link":"https:\/\/www.marenostrum-film.ch\/en\/lluis-vilamajo-katalonien\/","title":{"rendered":"Llu\u00eds Vilamaj\u00f3, Catalonia"},"content":{"rendered":"\n<p>Llu\u00eds Vilamaj\u00f3 was born in Barcelona. He first started making music in the children&#8217;s choir at Montserrat Monastery. He studied music culture and singing at the conservatory in Barcelona with Margarita Sabart\u00e9s and Carmen Marrinez. He then worked with many famous musicians and gave concerts throughout Europe, the USA, Mexico and Israel. He sings tenor.<\/p>\n\n\n\n<p>He sings in many ensembles, such as Baroque de Limoges and Il Fondamento, and is a member of La Capella Reial de Catalunya. As a soloist, he has sung in numerous works, including J.S. Bach&#8217;s Magnificat and Mozart&#8217;s Requiem. He has also made many recordings for numerous record companies.<\/p>\n\n\n\n<figure class=\"wp-block-image size-large is-resized\"><a href=\"https:\/\/www.marenostrum-film.ch\/wp-content\/uploads\/2025\/07\/Luis-2_1.13.2.png\"><img loading=\"lazy\" decoding=\"async\" width=\"1024\" height=\"576\" src=\"https:\/\/www.marenostrum-film.ch\/wp-content\/uploads\/2025\/07\/Luis-2_1.13.2-1024x576.png\" alt=\"\" class=\"wp-image-2491\" style=\"width:549px;height:auto\" srcset=\"https:\/\/www.marenostrum-film.ch\/wp-content\/uploads\/2025\/07\/Luis-2_1.13.2-1024x576.png 1024w, https:\/\/www.marenostrum-film.ch\/wp-content\/uploads\/2025\/07\/Luis-2_1.13.2-300x169.png 300w, https:\/\/www.marenostrum-film.ch\/wp-content\/uploads\/2025\/07\/Luis-2_1.13.2-768x432.png 768w, https:\/\/www.marenostrum-film.ch\/wp-content\/uploads\/2025\/07\/Luis-2_1.13.2-1536x864.png 1536w, https:\/\/www.marenostrum-film.ch\/wp-content\/uploads\/2025\/07\/Luis-2_1.13.2.png 1920w\" sizes=\"auto, (max-width: 1024px) 100vw, 1024px\" \/><\/a><\/figure>\n\n\n\n<p>He is a member of La Capella Reial de Catalunya and Hesp\u00e8rion XXI under the direction of Jordi Savall and collaborates with the Al Ayre Espa\u00f1ol ensemble, Les Sacqueboutiers de Toulouse, La Fenice, the Ensemble Baroque de Limoges, Il Fondamento, the Baroque Orchestra of Venice and the Baroque Orchestra of Seville, with whom he has given numerous concerts and made recordings in Europe, Mexico, the United States and Israel.<\/p>\n\n\n\n<p>He has conducted the Capella de Musica de Santa Maria del Mar ensemble in Barcelona, where he previously sang under the direction of Maestro Enric Gispert, as well as the Cor de Noies de l&#8217;Orfe\u00f3 C\u00e1tala, the Coro Barroco de Andalucia (Seville) and the Coro Vozes de Al Ayre Espa\u00f1ol (Zaragoza).<\/p>\n\n\n\n<p>As a soloist, he has sung in works such as Monteverdi&#8217;s Vespers, Bach&#8217;s Magnificat, Mozart&#8217;s Requiem, Puccini&#8217;s Gloria Mass, Haydn&#8217;s Creation, Debussy&#8217;s L&#8217;Enfant prodigue, Bach&#8217;s Passions, Handel&#8217;s Messiah, Bach&#8217;s Mass in B minor and Il ritorno d&#8217;Ulisse in patria by C. Monteverdi.<\/p>\n\n\n\n<figure class=\"wp-block-embed is-type-video is-provider-youtube wp-block-embed-youtube wp-embed-aspect-16-9 wp-has-aspect-ratio\"><div class=\"wp-block-embed__wrapper\">\n<iframe loading=\"lazy\" title=\"El pan de la aflicci\u00f3n (Jordi Savall, Mare Nostrum)\" width=\"500\" height=\"281\" src=\"https:\/\/www.youtube.com\/embed\/_pGLKj1K6ew?feature=oembed\" frameborder=\"0\" allow=\"accelerometer; autoplay; clipboard-write; encrypted-media; gyroscope; picture-in-picture; web-share\" referrerpolicy=\"strict-origin-when-cross-origin\" allowfullscreen><\/iframe>\n<\/div><\/figure>\n\n\n\n<p>He is frequently invited to perform as a soloist by many conductors besides Jordi Savall, including Salvador Brotons, Pierre Caoi, Jordi Casas, Juan Jos\u00e9 Mena, Antoni Ros Malba, Andrew Parrot, E. Ericson, Rinaldo Alessandrini, Wieland Kuijken, Reiner Goebel, Andr\u00e9 Marcon, Philippe Pierlot and many others. He has also participated in numerous recordings for Astr\u00e9e-Auvidis, Alia Vox, Fonti Musicali, Harmonia Mundi, Sony Classical, Deutsche Harmonia Mundi, Accord and Discant Cantus.<\/p>\n\n\n\n<p><\/p>\n","protected":false},"excerpt":{"rendered":"<p>Llu\u00eds Vilamaj\u00f3 was born in Barcelona. He first started making music in the children&#8217;s choir at Montserrat Monastery. He studied music culture and singing at the conservatory in Barcelona with Margarita Sabart\u00e9s and Carmen Marrinez. He then worked with many famous musicians and gave concerts throughout Europe, the USA, Mexico and Israel. He sings tenor. [&hellip;]<\/p>\n","protected":false},"author":2,"featured_media":0,"parent":0,"menu_order":0,"comment_status":"closed","ping_status":"closed","template":"","meta":{"_acf_changed":false,"footnotes":""},"class_list":["post-2490","page","type-page","status-publish","hentry"],"acf":[],"_links":{"self":[{"href":"https:\/\/www.marenostrum-film.ch\/en\/wp-json\/wp\/v2\/pages\/2490","targetHints":{"allow":["GET"]}}],"collection":[{"href":"https:\/\/www.marenostrum-film.ch\/en\/wp-json\/wp\/v2\/pages"}],"about":[{"href":"https:\/\/www.marenostrum-film.ch\/en\/wp-json\/wp\/v2\/types\/page"}],"author":[{"embeddable":true,"href":"https:\/\/www.marenostrum-film.ch\/en\/wp-json\/wp\/v2\/users\/2"}],"replies":[{"embeddable":true,"href":"https:\/\/www.marenostrum-film.ch\/en\/wp-json\/wp\/v2\/comments?post=2490"}],"version-history":[{"count":4,"href":"https:\/\/www.marenostrum-film.ch\/en\/wp-json\/wp\/v2\/pages\/2490\/revisions"}],"predecessor-version":[{"id":2696,"href":"https:\/\/www.marenostrum-film.ch\/en\/wp-json\/wp\/v2\/pages\/2490\/revisions\/2696"}],"wp:attachment":[{"href":"https:\/\/www.marenostrum-film.ch\/en\/wp-json\/wp\/v2\/media?parent=2490"}],"curies":[{"name":"wp","href":"https:\/\/api.w.org\/{rel}","templated":true}]}}