{"id":1676,"date":"2017-04-25T14:35:31","date_gmt":"2017-04-25T12:35:31","guid":{"rendered":"http:\/\/www.marenostrum-film.ch\/en\/?page_id=1676"},"modified":"2017-04-26T09:08:04","modified_gmt":"2017-04-26T07:08:04","slug":"hesperion-xxi","status":"publish","type":"page","link":"https:\/\/www.marenostrum-film.ch\/en\/hesperion-xxi\/","title":{"rendered":"Hesp\u00e8rion XXI"},"content":{"rendered":"<p><span style=\"color: #000000; font-family: Calibri;\">\u00a0<\/span><\/p>\n<p>In 1974 Jordi Savall and Montserrat Figueras, together with Lorenzo Alpert and Hopkinson Smith, founded Hesp\u00e8rion XX (renamed Hesp\u00e8rion XXI at the turn of the new millennium) in Basel, an ensemble for ancient music, which \u2013 by applying historical criteria and using original instruments \u2013 sought to preserve and enhance the rich and fascinating repertoire prior to the 19th century.<\/p>\n<p><a href=\"http:\/\/www.marenostrum-film.ch\/wp-content\/uploads\/2015\/06\/150611_mare_nostrum_cc4_title580.jpg\"><img loading=\"lazy\" decoding=\"async\" class=\"alignnone wp-image-645\" src=\"http:\/\/www.marenostrum-film.ch\/wp-content\/uploads\/2015\/06\/150611_mare_nostrum_cc4_title580-300x169.jpg\" alt=\"150611_mare_nostrum_cc4_title580\" width=\"534\" height=\"301\" srcset=\"https:\/\/www.marenostrum-film.ch\/wp-content\/uploads\/2015\/06\/150611_mare_nostrum_cc4_title580-300x169.jpg 300w, https:\/\/www.marenostrum-film.ch\/wp-content\/uploads\/2015\/06\/150611_mare_nostrum_cc4_title580-1024x576.jpg 1024w, https:\/\/www.marenostrum-film.ch\/wp-content\/uploads\/2015\/06\/150611_mare_nostrum_cc4_title580.jpg 1920w\" sizes=\"auto, (max-width: 534px) 100vw, 534px\" \/><\/a><\/p>\n<p>Today, Hesp\u00e8rion XXI is a key point of reference for those seeking to understand musical development in the period from the Middle Ages up to the Baroque era. The value of this ensemble\u2019s work, present in the preservation of works, musical scores, instruments and unpublished documents, is immeasurable. Among other works, the repertoire of Hesp\u00e8rion XXI includes works of the Sephardim, Castilian romances, works from the Spain\u2019s Golden Age and from the Europe of nations.<\/p>\n<p><em>&#8220;Wann haben Sie die Liebe zu dieser Musik entdeckt? Hat Ihre Musik schon viele Menschen ber\u00fchrt? Was denken Sie, wenn Sie spielen? Was f\u00fchlen Sie, wenn Sie spielen? Was bedeutet Musik f\u00fcr Sie? Was ber\u00fchrt Sie an der Musik? Wie lange haben Sie gebraucht, dieses Instrument so gut spielen zu k\u00f6nnen? Wie sieht Ihr Alltag aus?<br \/>\n<\/em><em>Wo waren Sie schon \u00fcberall? Haben Sie noch einen anderen Beruf? K\u00f6nnen Sie von der Musik leben?<br \/>\n<\/em><em>Wie hat sich diese Gruppe gefunden? Wie hat Jordi Savall diese Gruppe zusammengebaut und zusammengetan? Auf wie vielen Konzerten sind Sie schon aufgetreten? In wie vielen L\u00e4ndern waren Sie schon? Was machen Sie vor einem Konzert? Sind Sie vor einem Auftritt nerv\u00f6s? Wie ist es, die ganze Zeit zu reisen? Ist es schwer, Musiker zu sein? K\u00f6nnen Sie Ihr Instrument blind spielen? Spielt man anders, wenn der \u201eechte\u201c Moment auf der B\u00fchne da ist? Woher nehmen Sie die Inspiration?<br \/>\n<\/em><em>Haben Sie einen grossen Wunsch? Was ist Ihr gr\u00f6sster Traum? K\u00f6nnen Sie eine Geschichte erz\u00e4hlen, wo Sie gemerkt haben, dass die Zuh\u00f6rer all ihre Sorgen durch Ihre Musik vergessen haben? Wenn Sie etwas auf dieser Erde \u00e4ndern k\u00f6nnten, was w\u00fcrde das sein?&#8230;&#8221;<\/em><\/p>\n<p>&nbsp;<\/p>\n","protected":false},"excerpt":{"rendered":"<p>\u00a0 In 1974 Jordi Savall and Montserrat Figueras, together with Lorenzo Alpert and Hopkinson Smith, founded Hesp\u00e8rion XX (renamed Hesp\u00e8rion XXI at the turn of the new millennium) in Basel, an ensemble for ancient music, which \u2013 by applying historical criteria and using original instruments \u2013 sought to preserve and enhance the rich and fascinating [&hellip;]<\/p>\n","protected":false},"author":2,"featured_media":0,"parent":0,"menu_order":0,"comment_status":"closed","ping_status":"closed","template":"","meta":{"_acf_changed":false,"footnotes":""},"class_list":["post-1676","page","type-page","status-publish","hentry"],"acf":[],"_links":{"self":[{"href":"https:\/\/www.marenostrum-film.ch\/en\/wp-json\/wp\/v2\/pages\/1676","targetHints":{"allow":["GET"]}}],"collection":[{"href":"https:\/\/www.marenostrum-film.ch\/en\/wp-json\/wp\/v2\/pages"}],"about":[{"href":"https:\/\/www.marenostrum-film.ch\/en\/wp-json\/wp\/v2\/types\/page"}],"author":[{"embeddable":true,"href":"https:\/\/www.marenostrum-film.ch\/en\/wp-json\/wp\/v2\/users\/2"}],"replies":[{"embeddable":true,"href":"https:\/\/www.marenostrum-film.ch\/en\/wp-json\/wp\/v2\/comments?post=1676"}],"version-history":[{"count":5,"href":"https:\/\/www.marenostrum-film.ch\/en\/wp-json\/wp\/v2\/pages\/1676\/revisions"}],"predecessor-version":[{"id":1724,"href":"https:\/\/www.marenostrum-film.ch\/en\/wp-json\/wp\/v2\/pages\/1676\/revisions\/1724"}],"wp:attachment":[{"href":"https:\/\/www.marenostrum-film.ch\/en\/wp-json\/wp\/v2\/media?parent=1676"}],"curies":[{"name":"wp","href":"https:\/\/api.w.org\/{rel}","templated":true}]}}